{"id":24520,"date":"2022-07-05T10:39:58","date_gmt":"2022-07-05T10:39:58","guid":{"rendered":"https:\/\/www.siladen.com\/kontakt\/reiseveranstalter\/"},"modified":"2024-04-16T15:31:01","modified_gmt":"2024-04-16T15:31:01","slug":"reiseveranstalter","status":"publish","type":"page","link":"https:\/\/www.siladen.com\/de\/kontakt\/reiseveranstalter\/","title":{"rendered":"Reiseveranstalter"},"content":{"rendered":"<h3>Nur f\u00fcr Reiseveranstalter<\/h3>\n<p>Wenn Sie ein registrierter Reiseveranstalter sind und eine Reservierung vornehmen m\u00f6chten, <a href=\"https:\/\/v3.reservation-system.net\/BE\/TacoLogin.aspx?hotelcd=HT06003805\" target=\"_blank\" rel=\"noopener\">melden Sie sich<\/a> bitte <a href=\"https:\/\/v3.reservation-system.net\/BE\/TacoLogin.aspx?hotelcd=HT06003805\" target=\"_blank\" rel=\"noopener\">hier an<\/a><\/p>\n<p>Wenn Sie als Reiseveranstalter daran interessiert sind, das Siladen Resort &amp; Spa zu pr\u00e4sentieren, reichen Sie bitte Ihre Bewerbung <a href=\"http:\/\/www.reservation-system.net\/hotel\/m187\/m187-h1.asp?hotelcd=HT06003805\" target=\"_blank\" rel=\"noopener\">hier<\/a> ein und w\u00e4hlen Sie AGENTS aus dem Men\u00fc.<\/p>\n","protected":false},"excerpt":{"rendered":"<p>Nur f\u00fcr Reiseveranstalter Wenn Sie ein registrierter Reiseveranstalter sind und eine Reservierung vornehmen m\u00f6chten, melden Sie sich bitte hier an Wenn Sie als Reiseveranstalter daran interessiert sind, das Siladen Resort &amp; Spa zu pr\u00e4sentieren, reichen Sie bitte Ihre Bewerbung hier ein und w\u00e4hlen Sie AGENTS aus dem Men\u00fc.<\/p>\n","protected":false},"author":3,"featured_media":0,"parent":20787,"menu_order":0,"comment_status":"closed","ping_status":"closed","template":"","meta":{"footnotes":""},"class_list":["post-24520","page","type-page","status-publish","hentry","post-no-thumbnail"],"yoast_head":"<!-- This site is optimized with the Yoast SEO plugin v27.5 - https:\/\/yoast.com\/product\/yoast-seo-wordpress\/ -->\n<title>Reiseveranstalter - Siladen Snorkeling &amp; Dive Resort Indonesia<\/title>\n<meta name=\"robots\" content=\"index, follow, max-snippet:-1, max-image-preview:large, max-video-preview:-1\" \/>\n<link rel=\"canonical\" href=\"https:\/\/www.siladen.com\/de\/kontakt\/reiseveranstalter\/\" \/>\n<meta property=\"og:locale\" content=\"de_DE\" \/>\n<meta property=\"og:type\" content=\"article\" \/>\n<meta property=\"og:title\" content=\"Reiseveranstalter - Siladen Snorkeling &amp; Dive Resort Indonesia\" \/>\n<meta property=\"og:description\" content=\"Nur f\u00fcr Reiseveranstalter Wenn Sie ein registrierter Reiseveranstalter sind und eine Reservierung vornehmen m\u00f6chten, melden Sie sich bitte hier an Wenn Sie als Reiseveranstalter daran interessiert sind, das Siladen Resort &amp; Spa zu pr\u00e4sentieren, reichen Sie bitte Ihre Bewerbung hier ein und w\u00e4hlen Sie AGENTS aus dem Men\u00fc.\" \/>\n<meta property=\"og:url\" content=\"https:\/\/www.siladen.com\/de\/kontakt\/reiseveranstalter\/\" \/>\n<meta property=\"og:site_name\" content=\"Siladen Snorkeling &amp; Dive Resort Indonesia\" \/>\n<meta property=\"article:modified_time\" content=\"2024-04-16T15:31:01+00:00\" \/>\n<meta name=\"twitter:card\" content=\"summary_large_image\" \/>\n<script type=\"application\/ld+json\" class=\"yoast-schema-graph\">{\"@context\":\"https:\\\/\\\/schema.org\",\"@graph\":[{\"@type\":\"WebPage\",\"@id\":\"https:\\\/\\\/www.siladen.com\\\/de\\\/kontakt\\\/reiseveranstalter\\\/\",\"url\":\"https:\\\/\\\/www.siladen.com\\\/de\\\/kontakt\\\/reiseveranstalter\\\/\",\"name\":\"Reiseveranstalter - Siladen Snorkeling &amp; Dive Resort Indonesia\",\"isPartOf\":{\"@id\":\"https:\\\/\\\/www.siladen.com\\\/de\\\/#website\"},\"datePublished\":\"2022-07-05T10:39:58+00:00\",\"dateModified\":\"2024-04-16T15:31:01+00:00\",\"breadcrumb\":{\"@id\":\"https:\\\/\\\/www.siladen.com\\\/de\\\/kontakt\\\/reiseveranstalter\\\/#breadcrumb\"},\"inLanguage\":\"de\",\"potentialAction\":[{\"@type\":\"ReadAction\",\"target\":[\"https:\\\/\\\/www.siladen.com\\\/de\\\/kontakt\\\/reiseveranstalter\\\/\"]}]},{\"@type\":\"BreadcrumbList\",\"@id\":\"https:\\\/\\\/www.siladen.com\\\/de\\\/kontakt\\\/reiseveranstalter\\\/#breadcrumb\",\"itemListElement\":[{\"@type\":\"ListItem\",\"position\":1,\"name\":\"Home\",\"item\":\"https:\\\/\\\/www.siladen.com\\\/de\\\/\"},{\"@type\":\"ListItem\",\"position\":2,\"name\":\"Kontakt\",\"item\":\"https:\\\/\\\/www.siladen.com\\\/de\\\/kontakt\\\/\"},{\"@type\":\"ListItem\",\"position\":3,\"name\":\"Reiseveranstalter\"}]},{\"@type\":\"WebSite\",\"@id\":\"https:\\\/\\\/www.siladen.com\\\/de\\\/#website\",\"url\":\"https:\\\/\\\/www.siladen.com\\\/de\\\/\",\"name\":\"Siladen Snorkeling & Dive Resort Indonesia\",\"description\":\"Boutique Dive Resort in Siladen\",\"publisher\":{\"@id\":\"https:\\\/\\\/www.siladen.com\\\/de\\\/#organization\"},\"potentialAction\":[{\"@type\":\"SearchAction\",\"target\":{\"@type\":\"EntryPoint\",\"urlTemplate\":\"https:\\\/\\\/www.siladen.com\\\/de\\\/?s={search_term_string}\"},\"query-input\":{\"@type\":\"PropertyValueSpecification\",\"valueRequired\":true,\"valueName\":\"search_term_string\"}}],\"inLanguage\":\"de\"},{\"@type\":\"Organization\",\"@id\":\"https:\\\/\\\/www.siladen.com\\\/de\\\/#organization\",\"name\":\"Siladen Snorkeling & Dive Resort Indonesia\",\"url\":\"https:\\\/\\\/www.siladen.com\\\/de\\\/\",\"logo\":{\"@type\":\"ImageObject\",\"inLanguage\":\"de\",\"@id\":\"https:\\\/\\\/www.siladen.com\\\/de\\\/#\\\/schema\\\/logo\\\/image\\\/\",\"url\":\"https:\\\/\\\/www.siladen.com\\\/wp-content\\\/uploads\\\/2022\\\/12\\\/cropped-Schermata-2022-12-09-alle-10.02.47-e1670576611407.png\",\"contentUrl\":\"https:\\\/\\\/www.siladen.com\\\/wp-content\\\/uploads\\\/2022\\\/12\\\/cropped-Schermata-2022-12-09-alle-10.02.47-e1670576611407.png\",\"width\":512,\"height\":512,\"caption\":\"Siladen Snorkeling & Dive Resort Indonesia\"},\"image\":{\"@id\":\"https:\\\/\\\/www.siladen.com\\\/de\\\/#\\\/schema\\\/logo\\\/image\\\/\"}}]}<\/script>\n<!-- \/ Yoast SEO plugin. -->","yoast_head_json":{"title":"Reiseveranstalter - Siladen Snorkeling &amp; Dive Resort Indonesia","robots":{"index":"index","follow":"follow","max-snippet":"max-snippet:-1","max-image-preview":"max-image-preview:large","max-video-preview":"max-video-preview:-1"},"canonical":"https:\/\/www.siladen.com\/de\/kontakt\/reiseveranstalter\/","og_locale":"de_DE","og_type":"article","og_title":"Reiseveranstalter - Siladen Snorkeling &amp; Dive Resort Indonesia","og_description":"Nur f\u00fcr Reiseveranstalter Wenn Sie ein registrierter Reiseveranstalter sind und eine Reservierung vornehmen m\u00f6chten, melden Sie sich bitte hier an Wenn Sie als Reiseveranstalter daran interessiert sind, das Siladen Resort &amp; Spa zu pr\u00e4sentieren, reichen Sie bitte Ihre Bewerbung hier ein und w\u00e4hlen Sie AGENTS aus dem Men\u00fc.","og_url":"https:\/\/www.siladen.com\/de\/kontakt\/reiseveranstalter\/","og_site_name":"Siladen Snorkeling &amp; Dive Resort Indonesia","article_modified_time":"2024-04-16T15:31:01+00:00","twitter_card":"summary_large_image","schema":{"@context":"https:\/\/schema.org","@graph":[{"@type":"WebPage","@id":"https:\/\/www.siladen.com\/de\/kontakt\/reiseveranstalter\/","url":"https:\/\/www.siladen.com\/de\/kontakt\/reiseveranstalter\/","name":"Reiseveranstalter - Siladen Snorkeling &amp; Dive Resort Indonesia","isPartOf":{"@id":"https:\/\/www.siladen.com\/de\/#website"},"datePublished":"2022-07-05T10:39:58+00:00","dateModified":"2024-04-16T15:31:01+00:00","breadcrumb":{"@id":"https:\/\/www.siladen.com\/de\/kontakt\/reiseveranstalter\/#breadcrumb"},"inLanguage":"de","potentialAction":[{"@type":"ReadAction","target":["https:\/\/www.siladen.com\/de\/kontakt\/reiseveranstalter\/"]}]},{"@type":"BreadcrumbList","@id":"https:\/\/www.siladen.com\/de\/kontakt\/reiseveranstalter\/#breadcrumb","itemListElement":[{"@type":"ListItem","position":1,"name":"Home","item":"https:\/\/www.siladen.com\/de\/"},{"@type":"ListItem","position":2,"name":"Kontakt","item":"https:\/\/www.siladen.com\/de\/kontakt\/"},{"@type":"ListItem","position":3,"name":"Reiseveranstalter"}]},{"@type":"WebSite","@id":"https:\/\/www.siladen.com\/de\/#website","url":"https:\/\/www.siladen.com\/de\/","name":"Siladen Snorkeling & Dive Resort Indonesia","description":"Boutique Dive Resort in Siladen","publisher":{"@id":"https:\/\/www.siladen.com\/de\/#organization"},"potentialAction":[{"@type":"SearchAction","target":{"@type":"EntryPoint","urlTemplate":"https:\/\/www.siladen.com\/de\/?s={search_term_string}"},"query-input":{"@type":"PropertyValueSpecification","valueRequired":true,"valueName":"search_term_string"}}],"inLanguage":"de"},{"@type":"Organization","@id":"https:\/\/www.siladen.com\/de\/#organization","name":"Siladen Snorkeling & Dive Resort Indonesia","url":"https:\/\/www.siladen.com\/de\/","logo":{"@type":"ImageObject","inLanguage":"de","@id":"https:\/\/www.siladen.com\/de\/#\/schema\/logo\/image\/","url":"https:\/\/www.siladen.com\/wp-content\/uploads\/2022\/12\/cropped-Schermata-2022-12-09-alle-10.02.47-e1670576611407.png","contentUrl":"https:\/\/www.siladen.com\/wp-content\/uploads\/2022\/12\/cropped-Schermata-2022-12-09-alle-10.02.47-e1670576611407.png","width":512,"height":512,"caption":"Siladen Snorkeling & Dive Resort Indonesia"},"image":{"@id":"https:\/\/www.siladen.com\/de\/#\/schema\/logo\/image\/"}}]}},"_links":{"self":[{"href":"https:\/\/www.siladen.com\/de\/wp-json\/wp\/v2\/pages\/24520","targetHints":{"allow":["GET"]}}],"collection":[{"href":"https:\/\/www.siladen.com\/de\/wp-json\/wp\/v2\/pages"}],"about":[{"href":"https:\/\/www.siladen.com\/de\/wp-json\/wp\/v2\/types\/page"}],"author":[{"embeddable":true,"href":"https:\/\/www.siladen.com\/de\/wp-json\/wp\/v2\/users\/3"}],"replies":[{"embeddable":true,"href":"https:\/\/www.siladen.com\/de\/wp-json\/wp\/v2\/comments?post=24520"}],"version-history":[{"count":0,"href":"https:\/\/www.siladen.com\/de\/wp-json\/wp\/v2\/pages\/24520\/revisions"}],"up":[{"embeddable":true,"href":"https:\/\/www.siladen.com\/de\/wp-json\/wp\/v2\/pages\/20787"}],"wp:attachment":[{"href":"https:\/\/www.siladen.com\/de\/wp-json\/wp\/v2\/media?parent=24520"}],"curies":[{"name":"wp","href":"https:\/\/api.w.org\/{rel}","templated":true}]}}