{"id":25627,"date":"2022-07-04T14:18:53","date_gmt":"2022-07-04T14:18:53","guid":{"rendered":"https:\/\/www.siladen.com\/dienstleistungen\/loyalitaetsprogramm\/"},"modified":"2025-05-05T13:52:44","modified_gmt":"2025-05-05T13:52:44","slug":"loyalitaetsprogramm","status":"publish","type":"page","link":"https:\/\/www.siladen.com\/de\/dienstleistungen\/loyalitaetsprogramm\/","title":{"rendered":"Loyalit\u00e4tsprogramm"},"content":{"rendered":"\t\t<div data-elementor-type=\"wp-page\" data-elementor-id=\"25627\" class=\"elementor elementor-25627 elementor-7302\" data-elementor-post-type=\"page\">\n\t\t\t\t\t\t<section class=\"elementor-section elementor-top-section elementor-element elementor-element-8e12ad6 elementor-section-boxed elementor-section-gap-beside-yes elementor-section-height-default elementor-section-height-default elementor-section-column-vertical-align-stretch\" data-id=\"8e12ad6\" data-element_type=\"section\">\n\t\t\t\t\t\t<div class=\"elementor-container elementor-column-gap-extended\">\n\t\t\t\t\t<div class=\"elementor-column elementor-col-50 elementor-top-column elementor-element elementor-element-85122f5\" data-id=\"85122f5\" data-element_type=\"column\">\n\t\t\t<div class=\"elementor-widget-wrap elementor-element-populated\">\n\t\t\t\t\t\t<div class=\"elementor-element elementor-element-10659f9 elementor-invisible elementor-widget elementor-widget-heading\" data-id=\"10659f9\" data-element_type=\"widget\" data-settings=\"{&quot;_animation&quot;:&quot;nussFadeInUp&quot;}\" data-widget_type=\"heading.default\">\n\t\t\t\t<div class=\"elementor-widget-container\">\n\t\t\t<h3 class=\"elementor-heading-title elementor-size-default\">Die Besonderheiten des Dienstes<\/h3>\t\t<\/div>\n\t\t\t\t<\/div>\n\t\t\t\t<div class=\"elementor-element elementor-element-8604206 elementor-widget elementor-widget-text-editor\" data-id=\"8604206\" data-element_type=\"widget\" data-widget_type=\"text-editor.default\">\n\t\t\t\t<div class=\"elementor-widget-container\">\n\t\t\t\t\t\t\t<p>Im Siladen Resort &amp; Spa lieben wir es, unseren G\u00e4sten den bestm\u00f6glichen Service zu bieten, und wir wissen, dass unsere G\u00e4ste es auch lieben! Jahr f\u00fcr Jahr haben wir viele Stammg\u00e4ste, die oft aus der ganzen Welt anreisen, um uns zu besuchen. Es ist das sch\u00f6nste Kompliment, das wir bekommen k\u00f6nnen &#8211; vertraute Gesichter zu sehen, die in das Resort zur\u00fcckkehren und uns erz\u00e4hlen, was seit unserer letzten Begegnung passiert ist.<\/p>\n<p>Um Ihnen f\u00fcr Ihre kontinuierliche Unterst\u00fctzung zu danken, haben wir unser beliebtes Treueprogramm erweitert, damit Sie bei Ihrem n\u00e4chsten Urlaub noch mehr sparen k\u00f6nnen.<\/p>\n\t\t\t\t\t\t<\/div>\n\t\t\t\t<\/div>\n\t\t\t\t\t<\/div>\n\t\t<\/div>\n\t\t\t\t<div class=\"elementor-column elementor-col-50 elementor-top-column elementor-element elementor-element-e4469fd\" data-id=\"e4469fd\" data-element_type=\"column\">\n\t\t\t<div class=\"elementor-widget-wrap elementor-element-populated\">\n\t\t\t\t\t\t<div class=\"elementor-element elementor-element-b3b8f1a elementor-widget elementor-widget-image\" data-id=\"b3b8f1a\" data-element_type=\"widget\" data-widget_type=\"image.default\">\n\t\t\t\t<div class=\"elementor-widget-container\">\n\t\t\t\t\t\t\t\t\t\t\t\t\t<img fetchpriority=\"high\" decoding=\"async\" width=\"1024\" height=\"682\" src=\"https:\/\/www.siladen.com\/wp-content\/uploads\/2022\/09\/WhatsApp-Image-2022-09-17-at-09.59.41-1024x682.jpeg\" class=\"attachment-large size-large wp-image-17544\" alt=\"\" srcset=\"https:\/\/www.siladen.com\/wp-content\/uploads\/2022\/09\/WhatsApp-Image-2022-09-17-at-09.59.41-1024x682.jpeg 1024w, https:\/\/www.siladen.com\/wp-content\/uploads\/2022\/09\/WhatsApp-Image-2022-09-17-at-09.59.41-300x200.jpeg 300w, https:\/\/www.siladen.com\/wp-content\/uploads\/2022\/09\/WhatsApp-Image-2022-09-17-at-09.59.41-768x512.jpeg 768w, https:\/\/www.siladen.com\/wp-content\/uploads\/2022\/09\/WhatsApp-Image-2022-09-17-at-09.59.41-1536x1023.jpeg 1536w, https:\/\/www.siladen.com\/wp-content\/uploads\/2022\/09\/WhatsApp-Image-2022-09-17-at-09.59.41-600x400.jpeg 600w, https:\/\/www.siladen.com\/wp-content\/uploads\/2022\/09\/WhatsApp-Image-2022-09-17-at-09.59.41.jpeg 1600w\" sizes=\"(max-width: 1024px) 100vw, 1024px\" \/>\t\t\t\t\t\t\t\t\t\t\t\t\t<\/div>\n\t\t\t\t<\/div>\n\t\t\t\t\t<\/div>\n\t\t<\/div>\n\t\t\t\t\t<\/div>\n\t\t<\/section>\n\t\t\t\t<section class=\"elementor-section elementor-top-section elementor-element elementor-element-5034878 elementor-section-boxed elementor-section-gap-beside-yes elementor-section-height-default elementor-section-height-default elementor-section-column-vertical-align-stretch\" data-id=\"5034878\" data-element_type=\"section\">\n\t\t\t\t\t\t<div class=\"elementor-container elementor-column-gap-extended\">\n\t\t\t\t\t<div class=\"elementor-column elementor-col-100 elementor-top-column elementor-element elementor-element-aa07c7d\" data-id=\"aa07c7d\" data-element_type=\"column\">\n\t\t\t<div class=\"elementor-widget-wrap elementor-element-populated\">\n\t\t\t\t\t\t<div class=\"elementor-element elementor-element-60699e4 elementor-invisible elementor-widget elementor-widget-heading\" data-id=\"60699e4\" data-element_type=\"widget\" data-settings=\"{&quot;_animation&quot;:&quot;nussFadeInUp&quot;}\" data-widget_type=\"heading.default\">\n\t\t\t\t<div class=\"elementor-widget-container\">\n\t\t\t<h3 class=\"elementor-heading-title elementor-size-default\">Treueprogramm f\u00fcr Kurzaufenthalte<\/h3>\t\t<\/div>\n\t\t\t\t<\/div>\n\t\t\t\t<div class=\"elementor-element elementor-element-094653e elementor-widget elementor-widget-text-editor\" data-id=\"094653e\" data-element_type=\"widget\" data-widget_type=\"text-editor.default\">\n\t\t\t\t<div class=\"elementor-widget-container\">\n\t\t\t\t\t\t\t<p>F\u00fcr Stammg\u00e4ste, die weniger als sieben N\u00e4chte bleiben, bieten wir einen Treuegutschein an. Dieser Gutschein kann dann \u00fcberall im Resort eingel\u00f6st werden, um Ihren Aufenthalt so angenehm und komfortabel wie m\u00f6glich zu gestalten. Vielleicht m\u00f6chten Sie Ihre Tauchg\u00e4nge von Luft auf Nitrox umstellen, einen Vormittag damit verbringen, Wale und Delfine zu beobachten, sich am letzten Tag eine Manik\u00fcre g\u00f6nnen, um Ihre N\u00e4gel auf Hochglanz zu bringen, oder einfach ein paar Geschenke aus der Boutique kaufen, um Familie und Freunde zu Hause zu \u00fcberraschen. Sie haben die Wahl! Legen Sie den Gutschein einfach am Ende Ihres Aufenthalts vor und wir ziehen den Betrag von Ihrer Gesamtrechnung ab.    <\/p>\n\t\t\t\t\t\t<\/div>\n\t\t\t\t<\/div>\n\t\t\t\t<div class=\"elementor-element elementor-element-249cdf7 elementor-widget elementor-widget-image\" data-id=\"249cdf7\" data-element_type=\"widget\" data-widget_type=\"image.default\">\n\t\t\t\t<div class=\"elementor-widget-container\">\n\t\t\t\t\t\t\t\t\t\t\t\t\t<img decoding=\"async\" width=\"768\" height=\"329\" src=\"https:\/\/www.siladen.com\/wp-content\/uploads\/2022\/07\/Loyalty-Voucher-sample-768x329-1.jpg\" class=\"attachment-full size-full wp-image-16764\" alt=\"\" srcset=\"https:\/\/www.siladen.com\/wp-content\/uploads\/2022\/07\/Loyalty-Voucher-sample-768x329-1.jpg 768w, https:\/\/www.siladen.com\/wp-content\/uploads\/2022\/07\/Loyalty-Voucher-sample-768x329-1-300x129.jpg 300w, https:\/\/www.siladen.com\/wp-content\/uploads\/2022\/07\/Loyalty-Voucher-sample-768x329-1-600x257.jpg 600w\" sizes=\"(max-width: 768px) 100vw, 768px\" \/>\t\t\t\t\t\t\t\t\t\t\t\t\t<\/div>\n\t\t\t\t<\/div>\n\t\t\t\t\t<\/div>\n\t\t<\/div>\n\t\t\t\t\t<\/div>\n\t\t<\/section>\n\t\t\t\t<section class=\"elementor-section elementor-top-section elementor-element elementor-element-88a8f29 elementor-section-boxed elementor-section-gap-beside-yes elementor-section-height-default elementor-section-height-default elementor-section-column-vertical-align-stretch\" data-id=\"88a8f29\" data-element_type=\"section\">\n\t\t\t\t\t\t<div class=\"elementor-container elementor-column-gap-extended\">\n\t\t\t\t\t<div class=\"elementor-column elementor-col-50 elementor-top-column elementor-element elementor-element-302b518\" data-id=\"302b518\" data-element_type=\"column\">\n\t\t\t<div class=\"elementor-widget-wrap elementor-element-populated\">\n\t\t\t\t\t\t<div class=\"elementor-element elementor-element-7b0ae18 elementor-invisible elementor-widget elementor-widget-heading\" data-id=\"7b0ae18\" data-element_type=\"widget\" data-settings=\"{&quot;_animation&quot;:&quot;nussFadeInUp&quot;}\" data-widget_type=\"heading.default\">\n\t\t\t\t<div class=\"elementor-widget-container\">\n\t\t\t<h3 class=\"elementor-heading-title elementor-size-default\">Treueprogramm f\u00fcr lange Aufenthalte<\/h3>\t\t<\/div>\n\t\t\t\t<\/div>\n\t\t\t\t<div class=\"elementor-element elementor-element-6570025 elementor-widget elementor-widget-text-editor\" data-id=\"6570025\" data-element_type=\"widget\" data-widget_type=\"text-editor.default\">\n\t\t\t\t<div class=\"elementor-widget-container\">\n\t\t\t\t\t\t\t<p>F\u00fcr Stammg\u00e4ste, die l\u00e4nger als sieben N\u00e4chte bleiben, bieten wir 10% Rabatt auf die Unterkunft. Genie\u00dfen Sie einen l\u00e4ngeren Aufenthalt zu einem g\u00fcnstigeren Preis! <\/p>\n\t\t\t\t\t\t<\/div>\n\t\t\t\t<\/div>\n\t\t\t\t\t<\/div>\n\t\t<\/div>\n\t\t\t\t<div class=\"elementor-column elementor-col-50 elementor-top-column elementor-element elementor-element-de4e09f\" data-id=\"de4e09f\" data-element_type=\"column\">\n\t\t\t<div class=\"elementor-widget-wrap elementor-element-populated\">\n\t\t\t\t\t\t<div class=\"elementor-element elementor-element-c988f6c elementor-widget elementor-widget-image\" data-id=\"c988f6c\" data-element_type=\"widget\" data-widget_type=\"image.default\">\n\t\t\t\t<div class=\"elementor-widget-container\">\n\t\t\t\t\t\t\t\t\t\t\t\t\t<img decoding=\"async\" width=\"1024\" height=\"681\" src=\"https:\/\/www.siladen.com\/wp-content\/uploads\/2021\/06\/siladen_villa_beach_luxury_005_sito-1024x681.jpg\" class=\"attachment-large size-large wp-image-16641\" alt=\"siladen_villa_beach_luxury\" srcset=\"https:\/\/www.siladen.com\/wp-content\/uploads\/2021\/06\/siladen_villa_beach_luxury_005_sito-1024x681.jpg 1024w, https:\/\/www.siladen.com\/wp-content\/uploads\/2021\/06\/siladen_villa_beach_luxury_005_sito-300x200.jpg 300w, https:\/\/www.siladen.com\/wp-content\/uploads\/2021\/06\/siladen_villa_beach_luxury_005_sito-768x511.jpg 768w, https:\/\/www.siladen.com\/wp-content\/uploads\/2021\/06\/siladen_villa_beach_luxury_005_sito-1536x1022.jpg 1536w, https:\/\/www.siladen.com\/wp-content\/uploads\/2021\/06\/siladen_villa_beach_luxury_005_sito-600x399.jpg 600w, https:\/\/www.siladen.com\/wp-content\/uploads\/2021\/06\/siladen_villa_beach_luxury_005_sito.jpg 1920w\" sizes=\"(max-width: 1024px) 100vw, 1024px\" \/>\t\t\t\t\t\t\t\t\t\t\t\t\t<\/div>\n\t\t\t\t<\/div>\n\t\t\t\t\t<\/div>\n\t\t<\/div>\n\t\t\t\t\t<\/div>\n\t\t<\/section>\n\t\t\t\t<section class=\"elementor-section elementor-top-section elementor-element elementor-element-b1854bc elementor-section-boxed elementor-section-gap-beside-yes elementor-section-height-default elementor-section-height-default elementor-section-column-vertical-align-stretch\" data-id=\"b1854bc\" data-element_type=\"section\">\n\t\t\t\t\t\t<div class=\"elementor-container elementor-column-gap-extended\">\n\t\t\t\t\t<div class=\"elementor-column elementor-col-100 elementor-top-column elementor-element elementor-element-294aef5\" data-id=\"294aef5\" data-element_type=\"column\">\n\t\t\t<div class=\"elementor-widget-wrap elementor-element-populated\">\n\t\t\t\t\t\t<div class=\"elementor-element elementor-element-04938f3 elementor-invisible elementor-widget elementor-widget-heading\" data-id=\"04938f3\" data-element_type=\"widget\" data-settings=\"{&quot;_animation&quot;:&quot;nussFadeInUp&quot;}\" data-widget_type=\"heading.default\">\n\t\t\t\t<div class=\"elementor-widget-container\">\n\t\t\t<h3 class=\"elementor-heading-title elementor-size-default\">Bedingungen und Konditionen:<\/h3>\t\t<\/div>\n\t\t\t\t<\/div>\n\t\t\t\t<div class=\"elementor-element elementor-element-f89dbfa elementor-widget elementor-widget-text-editor\" data-id=\"f89dbfa\" data-element_type=\"widget\" data-widget_type=\"text-editor.default\">\n\t\t\t\t<div class=\"elementor-widget-container\">\n\t\t\t\t\t\t\t<ul>\n<li>Treuegutscheine werden auf der Grundlage des im Voraus gebuchten Pakets berechnet und nach der endg\u00fcltigen Zahlung ausgestellt. Sie k\u00f6nnen nicht in bar eingel\u00f6st oder von Ihrer Buchung abgezogen werden.<\/li>\n<li>Treuegutscheine sind nicht \u00fcbertragbar, k\u00f6nnen aber f\u00fcr zuk\u00fcnftige Buchungen gespeichert werden.<\/li>\n<li>Keine der Pr\u00e4mien unseres Treueprogramms kann in Verbindung mit Sonderangeboten oder Preisen verwendet werden, es sei denn, bei der Buchung wird etwas anderes angegeben.<\/li>\n<li>Bitte buchen Sie \u00fcber Ihren bevorzugten Reiseveranstalter, Sie erhalten dieselben Pr\u00e4mien.<\/li>\n<\/ul>\n<h3><strong>Allgemeine Hinweise:<\/strong><\/h3>\n<ul>\n<li>Die oben genannten Bedingungen gelten nur f\u00fcr Buchungen, die nach dem 1. Juni 2019 get\u00e4tigt werden (Aufenthalte nach dem 1. September 2019, und sind <strong>nicht<\/strong> mit anderen Angeboten kumulierbar).<\/li>\n<\/ul>\n\t\t\t\t\t\t<\/div>\n\t\t\t\t<\/div>\n\t\t\t\t\t<\/div>\n\t\t<\/div>\n\t\t\t\t\t<\/div>\n\t\t<\/section>\n\t\t\t\t<\/div>\n\t\t","protected":false},"excerpt":{"rendered":"<p>Die Besonderheiten des Dienstes Im Siladen Resort &amp; Spa lieben wir es, unseren G\u00e4sten den bestm\u00f6glichen Service zu bieten, und wir wissen, dass unsere G\u00e4ste es auch lieben! Jahr f\u00fcr Jahr haben wir viele Stammg\u00e4ste, die oft aus der ganzen Welt anreisen, um uns zu besuchen. Es ist das sch\u00f6nste Kompliment, das wir bekommen k\u00f6nnen [&hellip;]<\/p>\n","protected":false},"author":3,"featured_media":0,"parent":20467,"menu_order":0,"comment_status":"closed","ping_status":"closed","template":"elementor_header_footer","meta":{"footnotes":""},"class_list":["post-25627","page","type-page","status-publish","hentry","post-no-thumbnail"],"yoast_head":"<!-- This site is optimized with the Yoast SEO plugin v27.6 - https:\/\/yoast.com\/product\/yoast-seo-wordpress\/ -->\n<title>Loyalit\u00e4tsprogramm Indonesien -<\/title>\n<meta name=\"description\" content=\"Im Siladen Resort &amp; Spa lieben wir es, unseren G\u00e4sten den bestm\u00f6glichen Service zu bieten, und wir wissen, dass unsere G\u00e4ste es auch lieben!\" \/>\n<meta name=\"robots\" content=\"index, follow, max-snippet:-1, max-image-preview:large, max-video-preview:-1\" \/>\n<link rel=\"canonical\" href=\"https:\/\/www.siladen.com\/de\/dienstleistungen\/loyalitaetsprogramm\/\" \/>\n<meta property=\"og:locale\" content=\"de_DE\" \/>\n<meta property=\"og:type\" content=\"article\" \/>\n<meta property=\"og:title\" content=\"Loyalit\u00e4tsprogramm Indonesien -\" \/>\n<meta property=\"og:description\" content=\"Im Siladen Resort &amp; Spa lieben wir es, unseren G\u00e4sten den bestm\u00f6glichen Service zu bieten, und wir wissen, dass unsere G\u00e4ste es auch lieben!\" \/>\n<meta property=\"og:url\" content=\"https:\/\/www.siladen.com\/de\/dienstleistungen\/loyalitaetsprogramm\/\" \/>\n<meta property=\"og:site_name\" content=\"Siladen Snorkeling &amp; Dive Resort Indonesia\" \/>\n<meta property=\"article:modified_time\" content=\"2025-05-05T13:52:44+00:00\" \/>\n<meta property=\"og:image\" content=\"https:\/\/www.siladen.com\/wp-content\/uploads\/2022\/09\/WhatsApp-Image-2022-09-17-at-09.59.41.jpeg\" \/>\n\t<meta property=\"og:image:width\" content=\"1600\" \/>\n\t<meta property=\"og:image:height\" content=\"1066\" \/>\n\t<meta property=\"og:image:type\" content=\"image\/jpeg\" \/>\n<meta name=\"twitter:card\" content=\"summary_large_image\" \/>\n<meta name=\"twitter:label1\" content=\"Gesch\u00e4tzte Lesezeit\" \/>\n\t<meta name=\"twitter:data1\" content=\"3\u00a0Minuten\" \/>\n<script type=\"application\/ld+json\" class=\"yoast-schema-graph\">{\"@context\":\"https:\\\/\\\/schema.org\",\"@graph\":[{\"@type\":\"WebPage\",\"@id\":\"https:\\\/\\\/www.siladen.com\\\/de\\\/dienstleistungen\\\/loyalitaetsprogramm\\\/\",\"url\":\"https:\\\/\\\/www.siladen.com\\\/de\\\/dienstleistungen\\\/loyalitaetsprogramm\\\/\",\"name\":\"Loyalit\u00e4tsprogramm Indonesien -\",\"isPartOf\":{\"@id\":\"https:\\\/\\\/www.siladen.com\\\/de\\\/#website\"},\"primaryImageOfPage\":{\"@id\":\"https:\\\/\\\/www.siladen.com\\\/de\\\/dienstleistungen\\\/loyalitaetsprogramm\\\/#primaryimage\"},\"image\":{\"@id\":\"https:\\\/\\\/www.siladen.com\\\/de\\\/dienstleistungen\\\/loyalitaetsprogramm\\\/#primaryimage\"},\"thumbnailUrl\":\"https:\\\/\\\/www.siladen.com\\\/wp-content\\\/uploads\\\/2022\\\/09\\\/WhatsApp-Image-2022-09-17-at-09.59.41-1024x682.jpeg\",\"datePublished\":\"2022-07-04T14:18:53+00:00\",\"dateModified\":\"2025-05-05T13:52:44+00:00\",\"description\":\"Im Siladen Resort & Spa lieben wir es, unseren G\u00e4sten den bestm\u00f6glichen Service zu bieten, und wir wissen, dass unsere G\u00e4ste es auch lieben!\",\"breadcrumb\":{\"@id\":\"https:\\\/\\\/www.siladen.com\\\/de\\\/dienstleistungen\\\/loyalitaetsprogramm\\\/#breadcrumb\"},\"inLanguage\":\"de\",\"potentialAction\":[{\"@type\":\"ReadAction\",\"target\":[\"https:\\\/\\\/www.siladen.com\\\/de\\\/dienstleistungen\\\/loyalitaetsprogramm\\\/\"]}]},{\"@type\":\"ImageObject\",\"inLanguage\":\"de\",\"@id\":\"https:\\\/\\\/www.siladen.com\\\/de\\\/dienstleistungen\\\/loyalitaetsprogramm\\\/#primaryimage\",\"url\":\"https:\\\/\\\/www.siladen.com\\\/wp-content\\\/uploads\\\/2022\\\/09\\\/WhatsApp-Image-2022-09-17-at-09.59.41-1024x682.jpeg\",\"contentUrl\":\"https:\\\/\\\/www.siladen.com\\\/wp-content\\\/uploads\\\/2022\\\/09\\\/WhatsApp-Image-2022-09-17-at-09.59.41-1024x682.jpeg\"},{\"@type\":\"BreadcrumbList\",\"@id\":\"https:\\\/\\\/www.siladen.com\\\/de\\\/dienstleistungen\\\/loyalitaetsprogramm\\\/#breadcrumb\",\"itemListElement\":[{\"@type\":\"ListItem\",\"position\":1,\"name\":\"Home\",\"item\":\"https:\\\/\\\/www.siladen.com\\\/de\\\/\"},{\"@type\":\"ListItem\",\"position\":2,\"name\":\"Dienstleistungen\",\"item\":\"https:\\\/\\\/www.siladen.com\\\/de\\\/dienstleistungen\\\/\"},{\"@type\":\"ListItem\",\"position\":3,\"name\":\"Loyalit\u00e4tsprogramm\"}]},{\"@type\":\"WebSite\",\"@id\":\"https:\\\/\\\/www.siladen.com\\\/de\\\/#website\",\"url\":\"https:\\\/\\\/www.siladen.com\\\/de\\\/\",\"name\":\"Siladen Snorkeling & Dive Resort Indonesia\",\"description\":\"Boutique Dive Resort in Siladen\",\"publisher\":{\"@id\":\"https:\\\/\\\/www.siladen.com\\\/de\\\/#organization\"},\"potentialAction\":[{\"@type\":\"SearchAction\",\"target\":{\"@type\":\"EntryPoint\",\"urlTemplate\":\"https:\\\/\\\/www.siladen.com\\\/de\\\/?s={search_term_string}\"},\"query-input\":{\"@type\":\"PropertyValueSpecification\",\"valueRequired\":true,\"valueName\":\"search_term_string\"}}],\"inLanguage\":\"de\"},{\"@type\":\"Organization\",\"@id\":\"https:\\\/\\\/www.siladen.com\\\/de\\\/#organization\",\"name\":\"Siladen Snorkeling & Dive Resort Indonesia\",\"url\":\"https:\\\/\\\/www.siladen.com\\\/de\\\/\",\"logo\":{\"@type\":\"ImageObject\",\"inLanguage\":\"de\",\"@id\":\"https:\\\/\\\/www.siladen.com\\\/de\\\/#\\\/schema\\\/logo\\\/image\\\/\",\"url\":\"https:\\\/\\\/www.siladen.com\\\/wp-content\\\/uploads\\\/2022\\\/12\\\/cropped-Schermata-2022-12-09-alle-10.02.47-e1670576611407.png\",\"contentUrl\":\"https:\\\/\\\/www.siladen.com\\\/wp-content\\\/uploads\\\/2022\\\/12\\\/cropped-Schermata-2022-12-09-alle-10.02.47-e1670576611407.png\",\"width\":512,\"height\":512,\"caption\":\"Siladen Snorkeling & Dive Resort Indonesia\"},\"image\":{\"@id\":\"https:\\\/\\\/www.siladen.com\\\/de\\\/#\\\/schema\\\/logo\\\/image\\\/\"}}]}<\/script>\n<!-- \/ Yoast SEO plugin. -->","yoast_head_json":{"title":"Loyalit\u00e4tsprogramm Indonesien -","description":"Im Siladen Resort & Spa lieben wir es, unseren G\u00e4sten den bestm\u00f6glichen Service zu bieten, und wir wissen, dass unsere G\u00e4ste es auch lieben!","robots":{"index":"index","follow":"follow","max-snippet":"max-snippet:-1","max-image-preview":"max-image-preview:large","max-video-preview":"max-video-preview:-1"},"canonical":"https:\/\/www.siladen.com\/de\/dienstleistungen\/loyalitaetsprogramm\/","og_locale":"de_DE","og_type":"article","og_title":"Loyalit\u00e4tsprogramm Indonesien -","og_description":"Im Siladen Resort & Spa lieben wir es, unseren G\u00e4sten den bestm\u00f6glichen Service zu bieten, und wir wissen, dass unsere G\u00e4ste es auch lieben!","og_url":"https:\/\/www.siladen.com\/de\/dienstleistungen\/loyalitaetsprogramm\/","og_site_name":"Siladen Snorkeling &amp; Dive Resort Indonesia","article_modified_time":"2025-05-05T13:52:44+00:00","og_image":[{"width":1600,"height":1066,"url":"https:\/\/www.siladen.com\/wp-content\/uploads\/2022\/09\/WhatsApp-Image-2022-09-17-at-09.59.41.jpeg","type":"image\/jpeg"}],"twitter_card":"summary_large_image","twitter_misc":{"Gesch\u00e4tzte Lesezeit":"3\u00a0Minuten"},"schema":{"@context":"https:\/\/schema.org","@graph":[{"@type":"WebPage","@id":"https:\/\/www.siladen.com\/de\/dienstleistungen\/loyalitaetsprogramm\/","url":"https:\/\/www.siladen.com\/de\/dienstleistungen\/loyalitaetsprogramm\/","name":"Loyalit\u00e4tsprogramm Indonesien -","isPartOf":{"@id":"https:\/\/www.siladen.com\/de\/#website"},"primaryImageOfPage":{"@id":"https:\/\/www.siladen.com\/de\/dienstleistungen\/loyalitaetsprogramm\/#primaryimage"},"image":{"@id":"https:\/\/www.siladen.com\/de\/dienstleistungen\/loyalitaetsprogramm\/#primaryimage"},"thumbnailUrl":"https:\/\/www.siladen.com\/wp-content\/uploads\/2022\/09\/WhatsApp-Image-2022-09-17-at-09.59.41-1024x682.jpeg","datePublished":"2022-07-04T14:18:53+00:00","dateModified":"2025-05-05T13:52:44+00:00","description":"Im Siladen Resort & Spa lieben wir es, unseren G\u00e4sten den bestm\u00f6glichen Service zu bieten, und wir wissen, dass unsere G\u00e4ste es auch lieben!","breadcrumb":{"@id":"https:\/\/www.siladen.com\/de\/dienstleistungen\/loyalitaetsprogramm\/#breadcrumb"},"inLanguage":"de","potentialAction":[{"@type":"ReadAction","target":["https:\/\/www.siladen.com\/de\/dienstleistungen\/loyalitaetsprogramm\/"]}]},{"@type":"ImageObject","inLanguage":"de","@id":"https:\/\/www.siladen.com\/de\/dienstleistungen\/loyalitaetsprogramm\/#primaryimage","url":"https:\/\/www.siladen.com\/wp-content\/uploads\/2022\/09\/WhatsApp-Image-2022-09-17-at-09.59.41-1024x682.jpeg","contentUrl":"https:\/\/www.siladen.com\/wp-content\/uploads\/2022\/09\/WhatsApp-Image-2022-09-17-at-09.59.41-1024x682.jpeg"},{"@type":"BreadcrumbList","@id":"https:\/\/www.siladen.com\/de\/dienstleistungen\/loyalitaetsprogramm\/#breadcrumb","itemListElement":[{"@type":"ListItem","position":1,"name":"Home","item":"https:\/\/www.siladen.com\/de\/"},{"@type":"ListItem","position":2,"name":"Dienstleistungen","item":"https:\/\/www.siladen.com\/de\/dienstleistungen\/"},{"@type":"ListItem","position":3,"name":"Loyalit\u00e4tsprogramm"}]},{"@type":"WebSite","@id":"https:\/\/www.siladen.com\/de\/#website","url":"https:\/\/www.siladen.com\/de\/","name":"Siladen Snorkeling & Dive Resort Indonesia","description":"Boutique Dive Resort in Siladen","publisher":{"@id":"https:\/\/www.siladen.com\/de\/#organization"},"potentialAction":[{"@type":"SearchAction","target":{"@type":"EntryPoint","urlTemplate":"https:\/\/www.siladen.com\/de\/?s={search_term_string}"},"query-input":{"@type":"PropertyValueSpecification","valueRequired":true,"valueName":"search_term_string"}}],"inLanguage":"de"},{"@type":"Organization","@id":"https:\/\/www.siladen.com\/de\/#organization","name":"Siladen Snorkeling & Dive Resort Indonesia","url":"https:\/\/www.siladen.com\/de\/","logo":{"@type":"ImageObject","inLanguage":"de","@id":"https:\/\/www.siladen.com\/de\/#\/schema\/logo\/image\/","url":"https:\/\/www.siladen.com\/wp-content\/uploads\/2022\/12\/cropped-Schermata-2022-12-09-alle-10.02.47-e1670576611407.png","contentUrl":"https:\/\/www.siladen.com\/wp-content\/uploads\/2022\/12\/cropped-Schermata-2022-12-09-alle-10.02.47-e1670576611407.png","width":512,"height":512,"caption":"Siladen Snorkeling & Dive Resort Indonesia"},"image":{"@id":"https:\/\/www.siladen.com\/de\/#\/schema\/logo\/image\/"}}]}},"_links":{"self":[{"href":"https:\/\/www.siladen.com\/de\/wp-json\/wp\/v2\/pages\/25627","targetHints":{"allow":["GET"]}}],"collection":[{"href":"https:\/\/www.siladen.com\/de\/wp-json\/wp\/v2\/pages"}],"about":[{"href":"https:\/\/www.siladen.com\/de\/wp-json\/wp\/v2\/types\/page"}],"author":[{"embeddable":true,"href":"https:\/\/www.siladen.com\/de\/wp-json\/wp\/v2\/users\/3"}],"replies":[{"embeddable":true,"href":"https:\/\/www.siladen.com\/de\/wp-json\/wp\/v2\/comments?post=25627"}],"version-history":[{"count":0,"href":"https:\/\/www.siladen.com\/de\/wp-json\/wp\/v2\/pages\/25627\/revisions"}],"up":[{"embeddable":true,"href":"https:\/\/www.siladen.com\/de\/wp-json\/wp\/v2\/pages\/20467"}],"wp:attachment":[{"href":"https:\/\/www.siladen.com\/de\/wp-json\/wp\/v2\/media?parent=25627"}],"curies":[{"name":"wp","href":"https:\/\/api.w.org\/{rel}","templated":true}]}}