{"id":24491,"date":"2024-02-26T10:23:05","date_gmt":"2024-02-26T10:23:05","guid":{"rendered":"https:\/\/www.siladen.com\/reservation\/"},"modified":"2024-04-16T12:21:53","modified_gmt":"2024-04-16T12:21:53","slug":"reservation","status":"publish","type":"page","link":"https:\/\/www.siladen.com\/fr\/reservation\/","title":{"rendered":"R\u00e9servation"},"content":{"rendered":"\t\t<div data-elementor-type=\"wp-page\" data-elementor-id=\"24491\" class=\"elementor elementor-24491\" data-elementor-post-type=\"page\">\n\t\t\t\t\t\t<section class=\"elementor-section elementor-top-section elementor-element elementor-element-a6c3764 elementor-section-stretched elementor-section-boxed elementor-section-gap-beside-yes elementor-section-height-default elementor-section-height-default elementor-section-column-vertical-align-stretch\" data-id=\"a6c3764\" data-element_type=\"section\" data-settings=\"{&quot;stretch_section&quot;:&quot;section-stretched&quot;,&quot;background_background&quot;:&quot;classic&quot;}\">\n\t\t\t\t\t\t<div class=\"elementor-container elementor-column-gap-extended\">\n\t\t\t\t\t<div class=\"elementor-column elementor-col-100 elementor-top-column elementor-element elementor-element-96c4d19\" data-id=\"96c4d19\" data-element_type=\"column\">\n\t\t\t<div class=\"elementor-widget-wrap elementor-element-populated\">\n\t\t\t\t\t\t<section class=\"elementor-section elementor-inner-section elementor-element elementor-element-8b61417 elementor-section-content-align-left elementor-section-boxed elementor-section-gap-beside-yes elementor-section-height-default elementor-section-height-default elementor-section-column-vertical-align-stretch\" data-id=\"8b61417\" data-element_type=\"section\">\n\t\t\t\t\t\t<div class=\"elementor-container elementor-column-gap-extended\">\n\t\t\t\t\t<div class=\"elementor-column elementor-col-100 elementor-inner-column elementor-element elementor-element-fa88b7c animated-slow elementor-invisible\" data-id=\"fa88b7c\" data-element_type=\"column\" data-settings=\"{&quot;background_background&quot;:&quot;classic&quot;,&quot;animation&quot;:&quot;nussFadeInUp&quot;}\">\n\t\t\t<div class=\"elementor-widget-wrap elementor-element-populated\">\n\t\t\t\t\t\t<div class=\"elementor-element elementor-element-c23ed36 animated-slow elementor-widget elementor-widget-nuss-heading\" data-id=\"c23ed36\" data-element_type=\"widget\" data-settings=\"{&quot;_animation&quot;:&quot;none&quot;}\" data-widget_type=\"nuss-heading.default\">\n\t\t\t\t<div class=\"elementor-widget-container\">\n\t\t\t\t\t<div class=\"nuss-modern-heading\">\r\n\t\t\t\t\t\t<div class=\"heading-secondary-wrap\">\r\n\t\t\t\t<span class=\"heading-secondary elementor-heading-title\">R\u00e9servation<\/span>\t\t\t<\/div>\r\n\t\t\r\n\t\t\t\t\t\t<div class=\"heading-primary-wrap\">\r\n\t\t\t\t<h3 class=\"heading-primary elementor-heading-title\">R\u00e9servez votre s\u00e9jour exclusif<\/h3>\t\t\t<\/div>\r\n\t\t\r\n\t\t\t\r\n\t\t\t\t\t\t<div class=\"heading-description-wrap\">\r\n\t\t\t\t<div class=\"heading-description\">\r\n\t\t\t\t\t<p>Bienvenue au Siladen Resort, o\u00f9 le luxe se m\u00eale harmonieusement \u00e0 la beaut\u00e9 naturelle pour cr\u00e9er une exp\u00e9rience inoubliable. Nous sommes heureux de vous offrir la <strong>possibilit\u00e9 de vivre un s\u00e9jour extraordinaire<\/strong> au c\u0153ur d'un paradis tropical. Remplissez le formulaire de r\u00e9servation ci-dessous pour commencer votre voyage. Si vous avez des questions ou si vous souhaitez obtenir des informations compl\u00e9mentaires, n'h\u00e9sitez pas \u00e0 nous contacter.  <strong>Nous sommes l\u00e0 pour rendre votre s\u00e9jour inoubliable !<\/strong><\/p>\t\t\t\t<\/div>\r\n\t\t\t<\/div>\r\n\t\t\t\t<\/div>\r\n\t\t\t<\/div>\n\t\t\t\t<\/div>\n\t\t\t\t\t<\/div>\n\t\t<\/div>\n\t\t\t\t\t<\/div>\n\t\t<\/section>\n\t\t\t\t<div class=\"elementor-element elementor-element-c9f7569 elementor-widget__width-auto elementor-absolute elementor-hidden-phone elementor-invisible nuss-elementor-loading nuss-slide-in-left elementor-widget elementor-widget-nuss-popup-video\" data-id=\"c9f7569\" data-element_type=\"widget\" data-settings=\"{&quot;_position&quot;:&quot;absolute&quot;,&quot;_animation&quot;:&quot;nussSlideInLeft&quot;}\" data-widget_type=\"nuss-popup-video.default\">\n\t\t\t\t<div class=\"elementor-widget-container\">\n\t\t\t\t\t<div class=\"nuss-popup-video type-poster nuss-popup-video-image-play\">\r\n\t\t\t<a class=\"video-link nuss-box link-secret\" href=\"\">\r\n\r\n\t\t\t\t\t\t\t\t\t\t\t<div class=\"video-poster\">\r\n\t\t\t<div class=\"nuss-image\">\r\n\t\t\t\t<img decoding=\"async\"  src=\"https:\/\/www.siladen.com\/wp-content\/uploads\/2023\/02\/Siladen-drone-January-25-2020-DJI_0183-Pano-Edit.jpg\" alt=\"Siladen-drone-January 25, 2020-DJI_0183-Pano-Edit\" \/>\t\t\t<\/div>\r\n\r\n\t\t\t<div class=\"video-overlay\"><\/div>\r\n\r\n\t\t\t\t\t<div class=\"video-button\">\r\n\t\t\t\t\t\t\t\t\t\t\r\n\t\t\t\t\t<\/div>\r\n\t\t\t\t<\/div>\r\n\r\n\t\t\t\t\t\t\t\t\r\n\t\t\t<\/a>\r\n\t\t<\/div>\r\n\t\t\t\t<\/div>\n\t\t\t\t<\/div>\n\t\t\t\t\t<\/div>\n\t\t<\/div>\n\t\t\t\t\t<\/div>\n\t\t<\/section>\n\t\t\t\t<section class=\"elementor-section elementor-top-section elementor-element elementor-element-167aa78 elementor-section-height-min-height elementor-section-items-top elementor-section-boxed elementor-section-gap-beside-yes elementor-section-height-default elementor-section-column-vertical-align-stretch\" data-id=\"167aa78\" data-element_type=\"section\">\n\t\t\t\t\t\t<div class=\"elementor-container elementor-column-gap-extended\">\n\t\t\t\t\t<div class=\"elementor-column elementor-col-100 elementor-top-column elementor-element elementor-element-cc4e3a3\" data-id=\"cc4e3a3\" data-element_type=\"column\">\n\t\t\t<div class=\"elementor-widget-wrap elementor-element-populated\">\n\t\t\t\t\t\t<div class=\"elementor-element elementor-element-81133e7 elementor-widget elementor-widget-text-editor\" data-id=\"81133e7\" data-element_type=\"widget\" data-widget_type=\"text-editor.default\">\n\t\t\t\t<div class=\"elementor-widget-container\">\n\t\t\t\t\t\t\t<p><iframe style=\"overflow: scroll; width: 100%;\" title=\"R\u00e9serve de Siladen\" src=\"https:\/\/booking.siladen.com\/book\/resort?language=en&amp;resorts=6533e58559168de1afdf4c17\" height=\"2600px\"><\/iframe><\/p>\n\t\t\t\t\t\t<\/div>\n\t\t\t\t<\/div>\n\t\t\t\t\t<\/div>\n\t\t<\/div>\n\t\t\t\t\t<\/div>\n\t\t<\/section>\n\t\t\t\t<section class=\"elementor-section elementor-top-section elementor-element elementor-element-ff56d7c elementor-section-boxed elementor-section-gap-beside-yes elementor-section-height-default elementor-section-height-default elementor-section-column-vertical-align-stretch\" data-id=\"ff56d7c\" data-element_type=\"section\">\n\t\t\t\t\t\t<div class=\"elementor-container elementor-column-gap-extended\">\n\t\t\t\t\t<div class=\"elementor-column elementor-col-33 elementor-top-column elementor-element elementor-element-d96c35c\" data-id=\"d96c35c\" data-element_type=\"column\">\n\t\t\t<div class=\"elementor-widget-wrap elementor-element-populated\">\n\t\t\t\t\t\t<section class=\"elementor-section elementor-inner-section elementor-element elementor-element-7f6430b elementor-section-boxed elementor-section-height-default elementor-section-height-default elementor-section-column-vertical-align-stretch\" data-id=\"7f6430b\" data-element_type=\"section\">\n\t\t\t\t\t\t<div class=\"elementor-container elementor-column-gap-no\">\n\t\t\t\t\t<div class=\"elementor-column elementor-col-100 elementor-inner-column elementor-element elementor-element-0e5d955\" data-id=\"0e5d955\" data-element_type=\"column\">\n\t\t\t<div class=\"elementor-widget-wrap elementor-element-populated\">\n\t\t\t\t\t\t<div class=\"elementor-element elementor-element-64cd322 elementor-invisible elementor-widget elementor-widget-nuss-heading\" data-id=\"64cd322\" data-element_type=\"widget\" data-settings=\"{&quot;_animation&quot;:&quot;nussFadeInUp&quot;}\" data-widget_type=\"nuss-heading.default\">\n\t\t\t\t<div class=\"elementor-widget-container\">\n\t\t\t\t\t<div class=\"nuss-modern-heading\">\r\n\t\t\t\r\n\t\t\t\t\t\t<div class=\"heading-primary-wrap\">\r\n\t\t\t\t<h4 class=\"heading-primary elementor-heading-title\">Nous contacter<\/h4>\t\t\t<\/div>\r\n\t\t\r\n\t\t\t\t\t\t<div class=\"heading-divider-wrap\">\r\n\t\t\t\t<div class=\"heading-divider\" style=\"left: 0px;top: 6px\"><\/div>\r\n\t\t\t<\/div>\r\n\t\r\n\t\t\t\t\t<\/div>\r\n\t\t\t<\/div>\n\t\t\t\t<\/div>\n\t\t\t\t<div class=\"elementor-element elementor-element-2af2d28 elementor-invisible elementor-widget elementor-widget-heading\" data-id=\"2af2d28\" data-element_type=\"widget\" data-settings=\"{&quot;_animation&quot;:&quot;nussFadeInUp&quot;}\" data-widget_type=\"heading.default\">\n\t\t\t\t<div class=\"elementor-widget-container\">\n\t\t\t<h3 class=\"elementor-heading-title elementor-size-default\">Prendre contact<\/h3>\t\t<\/div>\n\t\t\t\t<\/div>\n\t\t\t\t<div class=\"elementor-element elementor-element-89711d8 elementor-invisible elementor-widget elementor-widget-text-editor\" data-id=\"89711d8\" data-element_type=\"widget\" data-settings=\"{&quot;_animation&quot;:&quot;nussFadeInUp&quot;}\" data-widget_type=\"text-editor.default\">\n\t\t\t\t<div class=\"elementor-widget-container\">\n\t\t\t\t\t\t\t<p class=\"p1\">N&rsquo;h\u00e9sitez pas \u00e0 nous contacter, quels que soient vos besoins. Nous sommes toujours heureux de vous aider.<\/p>\n\t\t\t\t\t\t<\/div>\n\t\t\t\t<\/div>\n\t\t\t\t\t<\/div>\n\t\t<\/div>\n\t\t\t\t\t<\/div>\n\t\t<\/section>\n\t\t\t\t\t<\/div>\n\t\t<\/div>\n\t\t\t\t<div class=\"elementor-column elementor-col-33 elementor-top-column elementor-element elementor-element-f9c65cb\" data-id=\"f9c65cb\" data-element_type=\"column\">\n\t\t\t<div class=\"elementor-widget-wrap elementor-element-populated\">\n\t\t\t\t\t\t<section class=\"elementor-section elementor-inner-section elementor-element elementor-element-dba43d5 elementor-section-boxed elementor-section-height-default elementor-section-height-default elementor-section-column-vertical-align-stretch\" data-id=\"dba43d5\" data-element_type=\"section\">\n\t\t\t\t\t\t<div class=\"elementor-container elementor-column-gap-no\">\n\t\t\t\t\t<div class=\"elementor-column elementor-col-100 elementor-inner-column elementor-element elementor-element-026e084\" data-id=\"026e084\" data-element_type=\"column\">\n\t\t\t<div class=\"elementor-widget-wrap elementor-element-populated\">\n\t\t\t\t\t\t<div class=\"elementor-element elementor-element-836398b elementor-invisible elementor-widget elementor-widget-heading\" data-id=\"836398b\" data-element_type=\"widget\" data-settings=\"{&quot;_animation&quot;:&quot;nussFadeInUp&quot;}\" data-widget_type=\"heading.default\">\n\t\t\t\t<div class=\"elementor-widget-container\">\n\t\t\t<h4 class=\"elementor-heading-title elementor-size-default\">Notre emplacement<\/h4>\t\t<\/div>\n\t\t\t\t<\/div>\n\t\t\t\t<div class=\"elementor-element elementor-element-bd4d8e7 elementor-invisible elementor-widget elementor-widget-text-editor\" data-id=\"bd4d8e7\" data-element_type=\"widget\" data-settings=\"{&quot;_animation&quot;:&quot;nussFadeInUp&quot;}\" data-widget_type=\"text-editor.default\">\n\t\t\t\t<div class=\"elementor-widget-container\">\n\t\t\t\t\t\t\t<p>\u00cele de Siladen, parc marin de Bunaken, Manado.<br \/>Sulawesi du Nord &#8211; Indon\u00e9sie<\/p>\n\t\t\t\t\t\t<\/div>\n\t\t\t\t<\/div>\n\t\t\t\t\t<\/div>\n\t\t<\/div>\n\t\t\t\t\t<\/div>\n\t\t<\/section>\n\t\t\t\t\t<\/div>\n\t\t<\/div>\n\t\t\t\t<div class=\"elementor-column elementor-col-33 elementor-top-column elementor-element elementor-element-25605a3\" data-id=\"25605a3\" data-element_type=\"column\">\n\t\t\t<div class=\"elementor-widget-wrap elementor-element-populated\">\n\t\t\t\t\t\t<section class=\"elementor-section elementor-inner-section elementor-element elementor-element-d6f54a9 elementor-section-boxed elementor-section-height-default elementor-section-height-default elementor-section-column-vertical-align-stretch\" data-id=\"d6f54a9\" data-element_type=\"section\">\n\t\t\t\t\t\t<div class=\"elementor-container elementor-column-gap-no\">\n\t\t\t\t\t<div class=\"elementor-column elementor-col-100 elementor-inner-column elementor-element elementor-element-f353940\" data-id=\"f353940\" data-element_type=\"column\">\n\t\t\t<div class=\"elementor-widget-wrap elementor-element-populated\">\n\t\t\t\t\t\t<div class=\"elementor-element elementor-element-e1614d8 elementor-invisible elementor-widget elementor-widget-heading\" data-id=\"e1614d8\" data-element_type=\"widget\" data-settings=\"{&quot;_animation&quot;:&quot;nussFadeInUp&quot;}\" data-widget_type=\"heading.default\">\n\t\t\t\t<div class=\"elementor-widget-container\">\n\t\t\t<h4 class=\"elementor-heading-title elementor-size-default\">T\u00e9l\u00e9phone\/Email<\/h4>\t\t<\/div>\n\t\t\t\t<\/div>\n\t\t\t\t<div class=\"elementor-element elementor-element-efb8eff elementor-invisible elementor-widget elementor-widget-text-editor\" data-id=\"efb8eff\" data-element_type=\"widget\" data-settings=\"{&quot;_animation&quot;:&quot;nussFadeInUp&quot;}\" data-widget_type=\"text-editor.default\">\n\t\t\t\t<div class=\"elementor-widget-container\">\n\t\t\t\t\t\t\t<p>T\u00e9l\u00e9phone : +62 811 4300 +62 811 4300 641<br \/>Courriel : info@siladen.com<\/p>\n\t\t\t\t\t\t<\/div>\n\t\t\t\t<\/div>\n\t\t\t\t\t<\/div>\n\t\t<\/div>\n\t\t\t\t\t<\/div>\n\t\t<\/section>\n\t\t\t\t\t<\/div>\n\t\t<\/div>\n\t\t\t\t\t<\/div>\n\t\t<\/section>\n\t\t\t\t<section class=\"elementor-section elementor-top-section elementor-element elementor-element-c3c6ea4 elementor-section-boxed elementor-section-gap-beside-yes elementor-section-height-default elementor-section-height-default elementor-section-column-vertical-align-stretch\" data-id=\"c3c6ea4\" data-element_type=\"section\">\n\t\t\t\t\t\t<div class=\"elementor-container elementor-column-gap-extended\">\n\t\t\t\t\t<div class=\"elementor-column elementor-col-100 elementor-top-column elementor-element elementor-element-0c0c4be\" data-id=\"0c0c4be\" data-element_type=\"column\">\n\t\t\t<div class=\"elementor-widget-wrap elementor-element-populated\">\n\t\t\t\t\t\t<div class=\"elementor-element elementor-element-4182062 elementor-widget__width-initial elementor-invisible nuss-elementor-loading nuss-slide-in-up elementor-widget elementor-widget-google_maps\" data-id=\"4182062\" data-element_type=\"widget\" data-settings=\"{&quot;_animation&quot;:&quot;nussSlideInUp&quot;}\" data-widget_type=\"google_maps.default\">\n\t\t\t\t<div class=\"elementor-widget-container\">\n\t\t\t\t\t<div class=\"elementor-custom-embed\">\n\t\t\t<iframe loading=\"lazy\"\n\t\t\t\t\tsrc=\"https:\/\/maps.google.com\/maps?q=siladen%20island%2C%20bunaken%20marine%20park%2C%20manado&#038;t=m&#038;z=14&#038;output=embed&#038;iwloc=near\"\n\t\t\t\t\ttitle=\"siladen island, bunaken marine park, manado\"\n\t\t\t\t\taria-label=\"siladen island, bunaken marine park, manado\"\n\t\t\t><\/iframe>\n\t\t<\/div>\n\t\t\t\t<\/div>\n\t\t\t\t<\/div>\n\t\t\t\t\t<\/div>\n\t\t<\/div>\n\t\t\t\t\t<\/div>\n\t\t<\/section>\n\t\t\t\t<\/div>\n\t\t","protected":false},"excerpt":{"rendered":"<p>R\u00e9servation R\u00e9servez votre s\u00e9jour exclusif Bienvenue au Siladen Resort, o\u00f9 le luxe se m\u00eale harmonieusement \u00e0 la beaut\u00e9 naturelle pour cr\u00e9er une exp\u00e9rience inoubliable. Nous sommes heureux de vous offrir la possibilit\u00e9 de vivre un s\u00e9jour extraordinaire au c\u0153ur d&rsquo;un paradis tropical. Remplissez le formulaire de r\u00e9servation ci-dessous pour commencer votre voyage. Si vous avez [&hellip;]<\/p>\n","protected":false},"author":1,"featured_media":16616,"parent":0,"menu_order":0,"comment_status":"closed","ping_status":"closed","template":"","meta":{"footnotes":""},"class_list":["post-24491","page","type-page","status-publish","has-post-thumbnail","hentry"],"yoast_head":"<!-- This site is optimized with the Yoast SEO plugin v27.5 - https:\/\/yoast.com\/product\/yoast-seo-wordpress\/ -->\n<title>R\u00e9servation - Siladen Snorkeling &amp; Dive Resort Indonesia<\/title>\n<meta name=\"robots\" content=\"index, follow, max-snippet:-1, max-image-preview:large, max-video-preview:-1\" \/>\n<link rel=\"canonical\" href=\"https:\/\/www.siladen.com\/fr\/reservation\/\" \/>\n<meta property=\"og:locale\" content=\"fr_FR\" \/>\n<meta property=\"og:type\" content=\"article\" \/>\n<meta property=\"og:title\" content=\"R\u00e9servation - Siladen Snorkeling &amp; Dive Resort Indonesia\" \/>\n<meta property=\"og:description\" content=\"R\u00e9servation R\u00e9servez votre s\u00e9jour exclusif Bienvenue au Siladen Resort, o\u00f9 le luxe se m\u00eale harmonieusement \u00e0 la beaut\u00e9 naturelle pour cr\u00e9er une exp\u00e9rience inoubliable. Nous sommes heureux de vous offrir la possibilit\u00e9 de vivre un s\u00e9jour extraordinaire au c\u0153ur d&rsquo;un paradis tropical. Remplissez le formulaire de r\u00e9servation ci-dessous pour commencer votre voyage. Si vous avez [&hellip;]\" \/>\n<meta property=\"og:url\" content=\"https:\/\/www.siladen.com\/fr\/reservation\/\" \/>\n<meta property=\"og:site_name\" content=\"Siladen Snorkeling &amp; Dive Resort Indonesia\" \/>\n<meta property=\"article:modified_time\" content=\"2024-04-16T12:21:53+00:00\" \/>\n<meta property=\"og:image\" content=\"https:\/\/www.siladen.com\/wp-content\/uploads\/2022\/06\/resort-cover.jpg\" \/>\n\t<meta property=\"og:image:width\" content=\"1920\" \/>\n\t<meta property=\"og:image:height\" content=\"1277\" \/>\n\t<meta property=\"og:image:type\" content=\"image\/jpeg\" \/>\n<meta name=\"twitter:card\" content=\"summary_large_image\" \/>\n<meta name=\"twitter:label1\" content=\"Dur\u00e9e de lecture estim\u00e9e\" \/>\n\t<meta name=\"twitter:data1\" content=\"1 minute\" \/>\n<script type=\"application\/ld+json\" class=\"yoast-schema-graph\">{\"@context\":\"https:\\\/\\\/schema.org\",\"@graph\":[{\"@type\":\"WebPage\",\"@id\":\"https:\\\/\\\/www.siladen.com\\\/fr\\\/reservation\\\/\",\"url\":\"https:\\\/\\\/www.siladen.com\\\/fr\\\/reservation\\\/\",\"name\":\"R\u00e9servation - Siladen Snorkeling &amp; Dive Resort Indonesia\",\"isPartOf\":{\"@id\":\"https:\\\/\\\/www.siladen.com\\\/de\\\/#website\"},\"primaryImageOfPage\":{\"@id\":\"https:\\\/\\\/www.siladen.com\\\/fr\\\/reservation\\\/#primaryimage\"},\"image\":{\"@id\":\"https:\\\/\\\/www.siladen.com\\\/fr\\\/reservation\\\/#primaryimage\"},\"thumbnailUrl\":\"https:\\\/\\\/www.siladen.com\\\/wp-content\\\/uploads\\\/2022\\\/06\\\/resort-cover.jpg\",\"datePublished\":\"2024-02-26T10:23:05+00:00\",\"dateModified\":\"2024-04-16T12:21:53+00:00\",\"breadcrumb\":{\"@id\":\"https:\\\/\\\/www.siladen.com\\\/fr\\\/reservation\\\/#breadcrumb\"},\"inLanguage\":\"fr-FR\",\"potentialAction\":[{\"@type\":\"ReadAction\",\"target\":[\"https:\\\/\\\/www.siladen.com\\\/fr\\\/reservation\\\/\"]}]},{\"@type\":\"ImageObject\",\"inLanguage\":\"fr-FR\",\"@id\":\"https:\\\/\\\/www.siladen.com\\\/fr\\\/reservation\\\/#primaryimage\",\"url\":\"https:\\\/\\\/www.siladen.com\\\/wp-content\\\/uploads\\\/2022\\\/06\\\/resort-cover.jpg\",\"contentUrl\":\"https:\\\/\\\/www.siladen.com\\\/wp-content\\\/uploads\\\/2022\\\/06\\\/resort-cover.jpg\",\"width\":1920,\"height\":1277,\"caption\":\"siladen_resort\"},{\"@type\":\"BreadcrumbList\",\"@id\":\"https:\\\/\\\/www.siladen.com\\\/fr\\\/reservation\\\/#breadcrumb\",\"itemListElement\":[{\"@type\":\"ListItem\",\"position\":1,\"name\":\"Home\",\"item\":\"https:\\\/\\\/www.siladen.com\\\/fr\\\/\"},{\"@type\":\"ListItem\",\"position\":2,\"name\":\"R\u00e9servation\"}]},{\"@type\":\"WebSite\",\"@id\":\"https:\\\/\\\/www.siladen.com\\\/de\\\/#website\",\"url\":\"https:\\\/\\\/www.siladen.com\\\/de\\\/\",\"name\":\"Siladen Snorkeling & Dive Resort Indonesia\",\"description\":\"Boutique Dive Resort in Siladen\",\"publisher\":{\"@id\":\"https:\\\/\\\/www.siladen.com\\\/de\\\/#organization\"},\"potentialAction\":[{\"@type\":\"SearchAction\",\"target\":{\"@type\":\"EntryPoint\",\"urlTemplate\":\"https:\\\/\\\/www.siladen.com\\\/de\\\/?s={search_term_string}\"},\"query-input\":{\"@type\":\"PropertyValueSpecification\",\"valueRequired\":true,\"valueName\":\"search_term_string\"}}],\"inLanguage\":\"fr-FR\"},{\"@type\":\"Organization\",\"@id\":\"https:\\\/\\\/www.siladen.com\\\/de\\\/#organization\",\"name\":\"Siladen Snorkeling & Dive Resort Indonesia\",\"url\":\"https:\\\/\\\/www.siladen.com\\\/de\\\/\",\"logo\":{\"@type\":\"ImageObject\",\"inLanguage\":\"fr-FR\",\"@id\":\"https:\\\/\\\/www.siladen.com\\\/de\\\/#\\\/schema\\\/logo\\\/image\\\/\",\"url\":\"https:\\\/\\\/www.siladen.com\\\/wp-content\\\/uploads\\\/2022\\\/12\\\/cropped-Schermata-2022-12-09-alle-10.02.47-e1670576611407.png\",\"contentUrl\":\"https:\\\/\\\/www.siladen.com\\\/wp-content\\\/uploads\\\/2022\\\/12\\\/cropped-Schermata-2022-12-09-alle-10.02.47-e1670576611407.png\",\"width\":512,\"height\":512,\"caption\":\"Siladen Snorkeling & Dive Resort Indonesia\"},\"image\":{\"@id\":\"https:\\\/\\\/www.siladen.com\\\/de\\\/#\\\/schema\\\/logo\\\/image\\\/\"}}]}<\/script>\n<!-- \/ Yoast SEO plugin. -->","yoast_head_json":{"title":"R\u00e9servation - Siladen Snorkeling &amp; Dive Resort Indonesia","robots":{"index":"index","follow":"follow","max-snippet":"max-snippet:-1","max-image-preview":"max-image-preview:large","max-video-preview":"max-video-preview:-1"},"canonical":"https:\/\/www.siladen.com\/fr\/reservation\/","og_locale":"fr_FR","og_type":"article","og_title":"R\u00e9servation - Siladen Snorkeling &amp; Dive Resort Indonesia","og_description":"R\u00e9servation R\u00e9servez votre s\u00e9jour exclusif Bienvenue au Siladen Resort, o\u00f9 le luxe se m\u00eale harmonieusement \u00e0 la beaut\u00e9 naturelle pour cr\u00e9er une exp\u00e9rience inoubliable. Nous sommes heureux de vous offrir la possibilit\u00e9 de vivre un s\u00e9jour extraordinaire au c\u0153ur d&rsquo;un paradis tropical. Remplissez le formulaire de r\u00e9servation ci-dessous pour commencer votre voyage. Si vous avez [&hellip;]","og_url":"https:\/\/www.siladen.com\/fr\/reservation\/","og_site_name":"Siladen Snorkeling &amp; Dive Resort Indonesia","article_modified_time":"2024-04-16T12:21:53+00:00","og_image":[{"width":1920,"height":1277,"url":"https:\/\/www.siladen.com\/wp-content\/uploads\/2022\/06\/resort-cover.jpg","type":"image\/jpeg"}],"twitter_card":"summary_large_image","twitter_misc":{"Dur\u00e9e de lecture estim\u00e9e":"1 minute"},"schema":{"@context":"https:\/\/schema.org","@graph":[{"@type":"WebPage","@id":"https:\/\/www.siladen.com\/fr\/reservation\/","url":"https:\/\/www.siladen.com\/fr\/reservation\/","name":"R\u00e9servation - Siladen Snorkeling &amp; Dive Resort Indonesia","isPartOf":{"@id":"https:\/\/www.siladen.com\/de\/#website"},"primaryImageOfPage":{"@id":"https:\/\/www.siladen.com\/fr\/reservation\/#primaryimage"},"image":{"@id":"https:\/\/www.siladen.com\/fr\/reservation\/#primaryimage"},"thumbnailUrl":"https:\/\/www.siladen.com\/wp-content\/uploads\/2022\/06\/resort-cover.jpg","datePublished":"2024-02-26T10:23:05+00:00","dateModified":"2024-04-16T12:21:53+00:00","breadcrumb":{"@id":"https:\/\/www.siladen.com\/fr\/reservation\/#breadcrumb"},"inLanguage":"fr-FR","potentialAction":[{"@type":"ReadAction","target":["https:\/\/www.siladen.com\/fr\/reservation\/"]}]},{"@type":"ImageObject","inLanguage":"fr-FR","@id":"https:\/\/www.siladen.com\/fr\/reservation\/#primaryimage","url":"https:\/\/www.siladen.com\/wp-content\/uploads\/2022\/06\/resort-cover.jpg","contentUrl":"https:\/\/www.siladen.com\/wp-content\/uploads\/2022\/06\/resort-cover.jpg","width":1920,"height":1277,"caption":"siladen_resort"},{"@type":"BreadcrumbList","@id":"https:\/\/www.siladen.com\/fr\/reservation\/#breadcrumb","itemListElement":[{"@type":"ListItem","position":1,"name":"Home","item":"https:\/\/www.siladen.com\/fr\/"},{"@type":"ListItem","position":2,"name":"R\u00e9servation"}]},{"@type":"WebSite","@id":"https:\/\/www.siladen.com\/de\/#website","url":"https:\/\/www.siladen.com\/de\/","name":"Siladen Snorkeling & Dive Resort Indonesia","description":"Boutique Dive Resort in Siladen","publisher":{"@id":"https:\/\/www.siladen.com\/de\/#organization"},"potentialAction":[{"@type":"SearchAction","target":{"@type":"EntryPoint","urlTemplate":"https:\/\/www.siladen.com\/de\/?s={search_term_string}"},"query-input":{"@type":"PropertyValueSpecification","valueRequired":true,"valueName":"search_term_string"}}],"inLanguage":"fr-FR"},{"@type":"Organization","@id":"https:\/\/www.siladen.com\/de\/#organization","name":"Siladen Snorkeling & Dive Resort Indonesia","url":"https:\/\/www.siladen.com\/de\/","logo":{"@type":"ImageObject","inLanguage":"fr-FR","@id":"https:\/\/www.siladen.com\/de\/#\/schema\/logo\/image\/","url":"https:\/\/www.siladen.com\/wp-content\/uploads\/2022\/12\/cropped-Schermata-2022-12-09-alle-10.02.47-e1670576611407.png","contentUrl":"https:\/\/www.siladen.com\/wp-content\/uploads\/2022\/12\/cropped-Schermata-2022-12-09-alle-10.02.47-e1670576611407.png","width":512,"height":512,"caption":"Siladen Snorkeling & Dive Resort Indonesia"},"image":{"@id":"https:\/\/www.siladen.com\/de\/#\/schema\/logo\/image\/"}}]}},"_links":{"self":[{"href":"https:\/\/www.siladen.com\/fr\/wp-json\/wp\/v2\/pages\/24491","targetHints":{"allow":["GET"]}}],"collection":[{"href":"https:\/\/www.siladen.com\/fr\/wp-json\/wp\/v2\/pages"}],"about":[{"href":"https:\/\/www.siladen.com\/fr\/wp-json\/wp\/v2\/types\/page"}],"author":[{"embeddable":true,"href":"https:\/\/www.siladen.com\/fr\/wp-json\/wp\/v2\/users\/1"}],"replies":[{"embeddable":true,"href":"https:\/\/www.siladen.com\/fr\/wp-json\/wp\/v2\/comments?post=24491"}],"version-history":[{"count":0,"href":"https:\/\/www.siladen.com\/fr\/wp-json\/wp\/v2\/pages\/24491\/revisions"}],"wp:featuredmedia":[{"embeddable":true,"href":"https:\/\/www.siladen.com\/fr\/wp-json\/wp\/v2\/media\/16616"}],"wp:attachment":[{"href":"https:\/\/www.siladen.com\/fr\/wp-json\/wp\/v2\/media?parent=24491"}],"curies":[{"name":"wp","href":"https:\/\/api.w.org\/{rel}","templated":true}]}}