{"id":24504,"date":"2022-11-02T17:19:31","date_gmt":"2022-11-02T17:19:31","guid":{"rendered":"https:\/\/www.siladen.com\/lisa-collins\/"},"modified":"2024-04-16T15:31:00","modified_gmt":"2024-04-16T15:31:00","slug":"lisa-collins","status":"publish","type":"page","link":"https:\/\/www.siladen.com\/fr\/lisa-collins\/","title":{"rendered":"Lisa Collins"},"content":{"rendered":"\t\t<div data-elementor-type=\"wp-page\" data-elementor-id=\"24504\" class=\"elementor elementor-24504 elementor-8685\" data-elementor-post-type=\"page\">\n\t\t\t\t\t\t<section class=\"elementor-section elementor-top-section elementor-element elementor-element-82af1b1 elementor-section-boxed elementor-section-gap-beside-yes elementor-section-height-default elementor-section-height-default elementor-section-column-vertical-align-stretch\" data-id=\"82af1b1\" data-element_type=\"section\">\n\t\t\t\t\t\t<div class=\"elementor-container elementor-column-gap-extended\">\n\t\t\t\t\t<div class=\"elementor-column elementor-col-100 elementor-top-column elementor-element elementor-element-56cb286\" data-id=\"56cb286\" data-element_type=\"column\">\n\t\t\t<div class=\"elementor-widget-wrap\">\n\t\t\t\t\t\t\t<\/div>\n\t\t<\/div>\n\t\t\t\t\t<\/div>\n\t\t<\/section>\n\t\t\t\t<section class=\"elementor-section elementor-top-section elementor-element elementor-element-e387091 elementor-section-boxed elementor-section-gap-beside-yes elementor-section-height-default elementor-section-height-default elementor-section-column-vertical-align-stretch\" data-id=\"e387091\" data-element_type=\"section\">\n\t\t\t\t\t\t<div class=\"elementor-container elementor-column-gap-extended\">\n\t\t\t\t\t<div class=\"elementor-column elementor-col-33 elementor-top-column elementor-element elementor-element-4d27647\" data-id=\"4d27647\" data-element_type=\"column\">\n\t\t\t<div class=\"elementor-widget-wrap elementor-element-populated\">\n\t\t\t\t\t\t<div class=\"elementor-element elementor-element-739a8bd elementor-widget elementor-widget-image\" data-id=\"739a8bd\" data-element_type=\"widget\" data-widget_type=\"image.default\">\n\t\t\t\t<div class=\"elementor-widget-container\">\n\t\t\t\t\t\t\t\t\t\t\t\t\t<img fetchpriority=\"high\" decoding=\"async\" width=\"707\" height=\"1024\" src=\"https:\/\/www.siladen.com\/wp-content\/uploads\/2022\/11\/Lisa-Collins-Profile-image-707x1024.jpeg\" class=\"attachment-large size-large wp-image-17690\" alt=\"\" srcset=\"https:\/\/www.siladen.com\/wp-content\/uploads\/2022\/11\/Lisa-Collins-Profile-image-707x1024.jpeg 707w, https:\/\/www.siladen.com\/wp-content\/uploads\/2022\/11\/Lisa-Collins-Profile-image-207x300.jpeg 207w, https:\/\/www.siladen.com\/wp-content\/uploads\/2022\/11\/Lisa-Collins-Profile-image-768x1112.jpeg 768w, https:\/\/www.siladen.com\/wp-content\/uploads\/2022\/11\/Lisa-Collins-Profile-image-600x869.jpeg 600w, https:\/\/www.siladen.com\/wp-content\/uploads\/2022\/11\/Lisa-Collins-Profile-image.jpeg 884w\" sizes=\"(max-width: 707px) 100vw, 707px\" \/>\t\t\t\t\t\t\t\t\t\t\t\t\t<\/div>\n\t\t\t\t<\/div>\n\t\t\t\t<div class=\"elementor-element elementor-element-ab1668f elementor-widget elementor-widget-spacer\" data-id=\"ab1668f\" data-element_type=\"widget\" data-widget_type=\"spacer.default\">\n\t\t\t\t<div class=\"elementor-widget-container\">\n\t\t\t\t\t<div class=\"elementor-spacer\">\n\t\t\t<div class=\"elementor-spacer-inner\"><\/div>\n\t\t<\/div>\n\t\t\t\t<\/div>\n\t\t\t\t<\/div>\n\t\t\t\t<div class=\"elementor-element elementor-element-4ad1914 elementor-widget elementor-widget-image\" data-id=\"4ad1914\" data-element_type=\"widget\" data-widget_type=\"image.default\">\n\t\t\t\t<div class=\"elementor-widget-container\">\n\t\t\t\t\t\t\t\t\t\t\t\t\t<img decoding=\"async\" width=\"480\" height=\"640\" src=\"https:\/\/www.siladen.com\/wp-content\/uploads\/2022\/11\/IMG_0029.jpeg\" class=\"attachment-large size-large wp-image-17687\" alt=\"\" srcset=\"https:\/\/www.siladen.com\/wp-content\/uploads\/2022\/11\/IMG_0029.jpeg 480w, https:\/\/www.siladen.com\/wp-content\/uploads\/2022\/11\/IMG_0029-225x300.jpeg 225w\" sizes=\"(max-width: 480px) 100vw, 480px\" \/>\t\t\t\t\t\t\t\t\t\t\t\t\t<\/div>\n\t\t\t\t<\/div>\n\t\t\t\t\t<\/div>\n\t\t<\/div>\n\t\t\t\t<div class=\"elementor-column elementor-col-66 elementor-top-column elementor-element elementor-element-b013d83\" data-id=\"b013d83\" data-element_type=\"column\">\n\t\t\t<div class=\"elementor-widget-wrap elementor-element-populated\">\n\t\t\t\t\t\t<div class=\"elementor-element elementor-element-f5821d1 elementor-widget elementor-widget-heading\" data-id=\"f5821d1\" data-element_type=\"widget\" data-widget_type=\"heading.default\">\n\t\t\t\t<div class=\"elementor-widget-container\">\n\t\t\t<h2 class=\"elementor-heading-title elementor-size-default\">Lisa Collins\n<\/h2>\t\t<\/div>\n\t\t\t\t<\/div>\n\t\t\t\t<div class=\"elementor-element elementor-element-23a0956 elementor-widget elementor-widget-spacer\" data-id=\"23a0956\" data-element_type=\"widget\" data-widget_type=\"spacer.default\">\n\t\t\t\t<div class=\"elementor-widget-container\">\n\t\t\t\t\t<div class=\"elementor-spacer\">\n\t\t\t<div class=\"elementor-spacer-inner\"><\/div>\n\t\t<\/div>\n\t\t\t\t<\/div>\n\t\t\t\t<\/div>\n\t\t\t\t<div class=\"elementor-element elementor-element-5f0baf8 elementor-widget elementor-widget-text-editor\" data-id=\"5f0baf8\" data-element_type=\"widget\" data-widget_type=\"text-editor.default\">\n\t\t\t\t<div class=\"elementor-widget-container\">\n\t\t\t\t\t\t\t<p class=\"p1\"><span class=\"s1\"><a href=\"http:\/\/www.capturecayman.com\"><b>www.capturecayman.com<\/b><\/a><\/span><b> <span class=\"Apple-converted-space\">  <\/span><\/b><a href=\"http:\/\/www.inonuk.com\/\"><br \/>\n  <span class=\"s1\"><br \/>\n    <b>www.inonuk.com<\/b><br \/>\n  <\/span><br \/>\n<\/a><span class=\"s2\"><br \/>\n  <b>      <\/b><br \/>\n  <a href=\"http:\/\/www.inon.com\/\"><br \/>\n    <span class=\"s3\"><br \/>\n      <b>www.inon.com<\/b><br \/>\n    <\/span><br \/>\n  <\/a><br \/>\n  <b>      <\/b><br \/>\n  <a href=\"http:\/\/www.divernet.com\/\"><br \/>\n    <span class=\"s3\"><br \/>\n      <b>www.divernet.com<\/b><br \/>\n    <\/span><br \/>\n  <\/a><br \/>\n<\/span><\/p>\n\t\t\t\t\t\t<\/div>\n\t\t\t\t<\/div>\n\t\t\t\t<div class=\"elementor-element elementor-element-253f9a9 elementor-widget elementor-widget-spacer\" data-id=\"253f9a9\" data-element_type=\"widget\" data-widget_type=\"spacer.default\">\n\t\t\t\t<div class=\"elementor-widget-container\">\n\t\t\t\t\t<div class=\"elementor-spacer\">\n\t\t\t<div class=\"elementor-spacer-inner\"><\/div>\n\t\t<\/div>\n\t\t\t\t<\/div>\n\t\t\t\t<\/div>\n\t\t\t\t<div class=\"elementor-element elementor-element-8c18dfd elementor-widget elementor-widget-text-editor\" data-id=\"8c18dfd\" data-element_type=\"widget\" data-widget_type=\"text-editor.default\">\n\t\t\t\t<div class=\"elementor-widget-container\">\n\t\t\t\t\t\t\t<p class=\"p1\">J&rsquo;ai commenc\u00e9 \u00e0 prendre des photos sous-marines vers 2002, mais je n&rsquo;ai vraiment commenc\u00e9 \u00e0 m&rsquo;y int\u00e9resser que 8 ans plus tard, apr\u00e8s avoir visit\u00e9 l&rsquo;Indon\u00e9sie et vu l&rsquo;<strong>incroyable vie marine sous l&rsquo;eau<\/strong>.<\/p>\n<p class=\"p1\">Les gens m&rsquo;ont dit que j&rsquo;\u00e9tais dou\u00e9 pour raconter mes aventures sous-marines, alors j&rsquo;ai commenc\u00e9 \u00e0 \u00e9crire \u00e0 ce sujet. Depuis 2011, je suis l&rsquo;un des <strong>principaux r\u00e9dacteurs du magazine britannique Diver et de www.divernet.com<\/strong>, o\u00f9 j&rsquo;ai publi\u00e9 plus de 60 articles de fond avec des images \u00e0 l&rsquo;appui.<br \/>\nAu fil des ans, j&rsquo;ai \u00e9crit pour diverses autres publications et contribu\u00e9 \u00e0 plusieurs livres. <strong>Mes photos sous-marines et mes articles ont \u00e9t\u00e9 publi\u00e9s dans les journaux The Daily Mail et The Times<\/strong>. <\/p>\n<p class=\"p1\">En 2012, j&rsquo;ai cr\u00e9\u00e9 une soci\u00e9t\u00e9 qui distribue les produits INON au Royaume-Uni, l&rsquo;un des principaux fabricants de mat\u00e9riel de photographie sous-marine. <strong>INON Japon me demande r\u00e9guli\u00e8rement de tester des prototypes ou du mat\u00e9riel flambant neuf<\/strong> lors des nombreux voyages de photographie sous-marine que j&rsquo;effectue.<br \/>\nJe suis tr\u00e8s fier que mes photos apparaissent dans leurs brochures de produits et sur leur site web. <\/p>\n<p class=\"p1\">J&rsquo;ai donn\u00e9 mon propre cours de photographie sous-marine, auquel INON Japan a donn\u00e9 son nom, et j&rsquo;ai organis\u00e9 des ateliers de photographie sous-marine dans le monde entier.<\/p>\n<p class=\"p1\">En 2019, j&rsquo;ai d\u00e9m\u00e9nag\u00e9 aux \u00eeles Ca\u00efmans, o\u00f9 j&rsquo;ai travaill\u00e9 comme instructeur de photographie sous-marine \u00e0 plein temps pour une soci\u00e9t\u00e9 de photographie bien connue, tout en continuant mon travail avec INON UK.<br \/>\nEn juillet 2022, je me suis mis \u00e0 mon compte en <strong>cr\u00e9ant www.capturecayman.com, offrant tous les types de photographie<\/strong>, y compris l&rsquo;enseignement de la photographie terrestre et sous-marine, l&rsquo;\u00e9dition de photos, et le guidage de plong\u00e9es photo priv\u00e9es.<br \/>\nAu fil des ans, j&rsquo;ai travaill\u00e9 avec une large gamme d&rsquo;appareils photo, de bo\u00eetiers et de stroboscopes, ce qui m&rsquo;a permis d&rsquo;acqu\u00e9rir une grande exp\u00e9rience.<br \/>\nMes \u00e9tudiants vont des d\u00e9butants aux photographes professionnels tr\u00e8s avanc\u00e9s.   <\/p>\n<p class=\"p1\">L&rsquo;<strong>Indon\u00e9sie a toujours \u00e9t\u00e9 l&rsquo;une de mes destinations favorites pour la photographie sous-marine<\/strong>,<strong> avec tant de sujets photog\u00e9niques<\/strong>.<br \/>\nMes visites en Indon\u00e9sie et \u00e0 Siladen ne manquent jamais de m&rsquo;inspirer pour prendre de meilleures photos et montrer ma passion pour le monde sous-marin. <\/p>\n\t\t\t\t\t\t<\/div>\n\t\t\t\t<\/div>\n\t\t\t\t\t<\/div>\n\t\t<\/div>\n\t\t\t\t\t<\/div>\n\t\t<\/section>\n\t\t\t\t<\/div>\n\t\t","protected":false},"excerpt":{"rendered":"<p>Lisa Collins www.capturecayman.com www.inonuk.com www.inon.com www.divernet.com J&rsquo;ai commenc\u00e9 \u00e0 prendre des photos sous-marines vers 2002, mais je n&rsquo;ai vraiment commenc\u00e9 \u00e0 m&rsquo;y int\u00e9resser que 8 ans plus tard, apr\u00e8s avoir visit\u00e9 l&rsquo;Indon\u00e9sie et vu l&rsquo;incroyable vie marine sous l&rsquo;eau. Les gens m&rsquo;ont dit que j&rsquo;\u00e9tais dou\u00e9 pour raconter mes aventures sous-marines, alors j&rsquo;ai commenc\u00e9 \u00e0 [&hellip;]<\/p>\n","protected":false},"author":3,"featured_media":0,"parent":0,"menu_order":0,"comment_status":"closed","ping_status":"closed","template":"","meta":{"footnotes":""},"class_list":["post-24504","page","type-page","status-publish","hentry","post-no-thumbnail"],"yoast_head":"<!-- This site is optimized with the Yoast SEO plugin v27.3 - https:\/\/yoast.com\/product\/yoast-seo-wordpress\/ -->\n<title>Lisa Collins - Siladen Snorkeling &amp; Dive Resort Indonesia<\/title>\n<meta name=\"description\" content=\"Lisa Collins : mes visites en Indon\u00e9sie et \u00e0 Siladen ne cessent de m&#039;inspirer pour prendre de meilleures photos et montrer ma passion pour le monde sous-marin.\" \/>\n<meta name=\"robots\" content=\"index, follow, max-snippet:-1, max-image-preview:large, max-video-preview:-1\" \/>\n<link rel=\"canonical\" href=\"https:\/\/www.siladen.com\/fr\/lisa-collins\/\" \/>\n<meta property=\"og:locale\" content=\"fr_FR\" \/>\n<meta property=\"og:type\" content=\"article\" \/>\n<meta property=\"og:title\" content=\"Lisa Collins - Siladen Snorkeling &amp; Dive Resort Indonesia\" \/>\n<meta property=\"og:description\" content=\"Lisa Collins : mes visites en Indon\u00e9sie et \u00e0 Siladen ne cessent de m&#039;inspirer pour prendre de meilleures photos et montrer ma passion pour le monde sous-marin.\" \/>\n<meta property=\"og:url\" content=\"https:\/\/www.siladen.com\/fr\/lisa-collins\/\" \/>\n<meta property=\"og:site_name\" content=\"Siladen Snorkeling &amp; Dive Resort Indonesia\" \/>\n<meta property=\"article:modified_time\" content=\"2024-04-16T15:31:00+00:00\" \/>\n<meta property=\"og:image\" content=\"https:\/\/www.siladen.com\/wp-content\/uploads\/2022\/11\/Lisa-Collins-Profile-image.jpeg\" \/>\n\t<meta property=\"og:image:width\" content=\"884\" \/>\n\t<meta property=\"og:image:height\" content=\"1280\" \/>\n\t<meta property=\"og:image:type\" content=\"image\/jpeg\" \/>\n<meta name=\"twitter:card\" content=\"summary_large_image\" \/>\n<meta name=\"twitter:label1\" content=\"Dur\u00e9e de lecture estim\u00e9e\" \/>\n\t<meta name=\"twitter:data1\" content=\"2 minutes\" \/>\n<script type=\"application\/ld+json\" class=\"yoast-schema-graph\">{\"@context\":\"https:\\\/\\\/schema.org\",\"@graph\":[{\"@type\":\"WebPage\",\"@id\":\"https:\\\/\\\/www.siladen.com\\\/fr\\\/lisa-collins\\\/\",\"url\":\"https:\\\/\\\/www.siladen.com\\\/fr\\\/lisa-collins\\\/\",\"name\":\"Lisa Collins - Siladen Snorkeling &amp; Dive Resort Indonesia\",\"isPartOf\":{\"@id\":\"https:\\\/\\\/www.siladen.com\\\/de\\\/#website\"},\"primaryImageOfPage\":{\"@id\":\"https:\\\/\\\/www.siladen.com\\\/fr\\\/lisa-collins\\\/#primaryimage\"},\"image\":{\"@id\":\"https:\\\/\\\/www.siladen.com\\\/fr\\\/lisa-collins\\\/#primaryimage\"},\"thumbnailUrl\":\"https:\\\/\\\/www.siladen.com\\\/wp-content\\\/uploads\\\/2022\\\/11\\\/Lisa-Collins-Profile-image-707x1024.jpeg\",\"datePublished\":\"2022-11-02T17:19:31+00:00\",\"dateModified\":\"2024-04-16T15:31:00+00:00\",\"description\":\"Lisa Collins : mes visites en Indon\u00e9sie et \u00e0 Siladen ne cessent de m'inspirer pour prendre de meilleures photos et montrer ma passion pour le monde sous-marin.\",\"breadcrumb\":{\"@id\":\"https:\\\/\\\/www.siladen.com\\\/fr\\\/lisa-collins\\\/#breadcrumb\"},\"inLanguage\":\"fr-FR\",\"potentialAction\":[{\"@type\":\"ReadAction\",\"target\":[\"https:\\\/\\\/www.siladen.com\\\/fr\\\/lisa-collins\\\/\"]}]},{\"@type\":\"ImageObject\",\"inLanguage\":\"fr-FR\",\"@id\":\"https:\\\/\\\/www.siladen.com\\\/fr\\\/lisa-collins\\\/#primaryimage\",\"url\":\"https:\\\/\\\/www.siladen.com\\\/wp-content\\\/uploads\\\/2022\\\/11\\\/Lisa-Collins-Profile-image-707x1024.jpeg\",\"contentUrl\":\"https:\\\/\\\/www.siladen.com\\\/wp-content\\\/uploads\\\/2022\\\/11\\\/Lisa-Collins-Profile-image-707x1024.jpeg\"},{\"@type\":\"BreadcrumbList\",\"@id\":\"https:\\\/\\\/www.siladen.com\\\/fr\\\/lisa-collins\\\/#breadcrumb\",\"itemListElement\":[{\"@type\":\"ListItem\",\"position\":1,\"name\":\"Home\",\"item\":\"https:\\\/\\\/www.siladen.com\\\/fr\\\/\"},{\"@type\":\"ListItem\",\"position\":2,\"name\":\"Lisa Collins\"}]},{\"@type\":\"WebSite\",\"@id\":\"https:\\\/\\\/www.siladen.com\\\/de\\\/#website\",\"url\":\"https:\\\/\\\/www.siladen.com\\\/de\\\/\",\"name\":\"Siladen Snorkeling & Dive Resort Indonesia\",\"description\":\"Boutique Dive Resort in Siladen\",\"publisher\":{\"@id\":\"https:\\\/\\\/www.siladen.com\\\/de\\\/#organization\"},\"potentialAction\":[{\"@type\":\"SearchAction\",\"target\":{\"@type\":\"EntryPoint\",\"urlTemplate\":\"https:\\\/\\\/www.siladen.com\\\/de\\\/?s={search_term_string}\"},\"query-input\":{\"@type\":\"PropertyValueSpecification\",\"valueRequired\":true,\"valueName\":\"search_term_string\"}}],\"inLanguage\":\"fr-FR\"},{\"@type\":\"Organization\",\"@id\":\"https:\\\/\\\/www.siladen.com\\\/de\\\/#organization\",\"name\":\"Siladen Snorkeling & Dive Resort Indonesia\",\"url\":\"https:\\\/\\\/www.siladen.com\\\/de\\\/\",\"logo\":{\"@type\":\"ImageObject\",\"inLanguage\":\"fr-FR\",\"@id\":\"https:\\\/\\\/www.siladen.com\\\/de\\\/#\\\/schema\\\/logo\\\/image\\\/\",\"url\":\"https:\\\/\\\/www.siladen.com\\\/wp-content\\\/uploads\\\/2022\\\/12\\\/cropped-Schermata-2022-12-09-alle-10.02.47-e1670576611407.png\",\"contentUrl\":\"https:\\\/\\\/www.siladen.com\\\/wp-content\\\/uploads\\\/2022\\\/12\\\/cropped-Schermata-2022-12-09-alle-10.02.47-e1670576611407.png\",\"width\":512,\"height\":512,\"caption\":\"Siladen Snorkeling & Dive Resort Indonesia\"},\"image\":{\"@id\":\"https:\\\/\\\/www.siladen.com\\\/de\\\/#\\\/schema\\\/logo\\\/image\\\/\"}}]}<\/script>\n<!-- \/ Yoast SEO plugin. -->","yoast_head_json":{"title":"Lisa Collins - Siladen Snorkeling &amp; Dive Resort Indonesia","description":"Lisa Collins : mes visites en Indon\u00e9sie et \u00e0 Siladen ne cessent de m'inspirer pour prendre de meilleures photos et montrer ma passion pour le monde sous-marin.","robots":{"index":"index","follow":"follow","max-snippet":"max-snippet:-1","max-image-preview":"max-image-preview:large","max-video-preview":"max-video-preview:-1"},"canonical":"https:\/\/www.siladen.com\/fr\/lisa-collins\/","og_locale":"fr_FR","og_type":"article","og_title":"Lisa Collins - Siladen Snorkeling &amp; Dive Resort Indonesia","og_description":"Lisa Collins : mes visites en Indon\u00e9sie et \u00e0 Siladen ne cessent de m'inspirer pour prendre de meilleures photos et montrer ma passion pour le monde sous-marin.","og_url":"https:\/\/www.siladen.com\/fr\/lisa-collins\/","og_site_name":"Siladen Snorkeling &amp; Dive Resort Indonesia","article_modified_time":"2024-04-16T15:31:00+00:00","og_image":[{"width":884,"height":1280,"url":"https:\/\/www.siladen.com\/wp-content\/uploads\/2022\/11\/Lisa-Collins-Profile-image.jpeg","type":"image\/jpeg"}],"twitter_card":"summary_large_image","twitter_misc":{"Dur\u00e9e de lecture estim\u00e9e":"2 minutes"},"schema":{"@context":"https:\/\/schema.org","@graph":[{"@type":"WebPage","@id":"https:\/\/www.siladen.com\/fr\/lisa-collins\/","url":"https:\/\/www.siladen.com\/fr\/lisa-collins\/","name":"Lisa Collins - Siladen Snorkeling &amp; Dive Resort Indonesia","isPartOf":{"@id":"https:\/\/www.siladen.com\/de\/#website"},"primaryImageOfPage":{"@id":"https:\/\/www.siladen.com\/fr\/lisa-collins\/#primaryimage"},"image":{"@id":"https:\/\/www.siladen.com\/fr\/lisa-collins\/#primaryimage"},"thumbnailUrl":"https:\/\/www.siladen.com\/wp-content\/uploads\/2022\/11\/Lisa-Collins-Profile-image-707x1024.jpeg","datePublished":"2022-11-02T17:19:31+00:00","dateModified":"2024-04-16T15:31:00+00:00","description":"Lisa Collins : mes visites en Indon\u00e9sie et \u00e0 Siladen ne cessent de m'inspirer pour prendre de meilleures photos et montrer ma passion pour le monde sous-marin.","breadcrumb":{"@id":"https:\/\/www.siladen.com\/fr\/lisa-collins\/#breadcrumb"},"inLanguage":"fr-FR","potentialAction":[{"@type":"ReadAction","target":["https:\/\/www.siladen.com\/fr\/lisa-collins\/"]}]},{"@type":"ImageObject","inLanguage":"fr-FR","@id":"https:\/\/www.siladen.com\/fr\/lisa-collins\/#primaryimage","url":"https:\/\/www.siladen.com\/wp-content\/uploads\/2022\/11\/Lisa-Collins-Profile-image-707x1024.jpeg","contentUrl":"https:\/\/www.siladen.com\/wp-content\/uploads\/2022\/11\/Lisa-Collins-Profile-image-707x1024.jpeg"},{"@type":"BreadcrumbList","@id":"https:\/\/www.siladen.com\/fr\/lisa-collins\/#breadcrumb","itemListElement":[{"@type":"ListItem","position":1,"name":"Home","item":"https:\/\/www.siladen.com\/fr\/"},{"@type":"ListItem","position":2,"name":"Lisa Collins"}]},{"@type":"WebSite","@id":"https:\/\/www.siladen.com\/de\/#website","url":"https:\/\/www.siladen.com\/de\/","name":"Siladen Snorkeling & Dive Resort Indonesia","description":"Boutique Dive Resort in Siladen","publisher":{"@id":"https:\/\/www.siladen.com\/de\/#organization"},"potentialAction":[{"@type":"SearchAction","target":{"@type":"EntryPoint","urlTemplate":"https:\/\/www.siladen.com\/de\/?s={search_term_string}"},"query-input":{"@type":"PropertyValueSpecification","valueRequired":true,"valueName":"search_term_string"}}],"inLanguage":"fr-FR"},{"@type":"Organization","@id":"https:\/\/www.siladen.com\/de\/#organization","name":"Siladen Snorkeling & Dive Resort Indonesia","url":"https:\/\/www.siladen.com\/de\/","logo":{"@type":"ImageObject","inLanguage":"fr-FR","@id":"https:\/\/www.siladen.com\/de\/#\/schema\/logo\/image\/","url":"https:\/\/www.siladen.com\/wp-content\/uploads\/2022\/12\/cropped-Schermata-2022-12-09-alle-10.02.47-e1670576611407.png","contentUrl":"https:\/\/www.siladen.com\/wp-content\/uploads\/2022\/12\/cropped-Schermata-2022-12-09-alle-10.02.47-e1670576611407.png","width":512,"height":512,"caption":"Siladen Snorkeling & Dive Resort Indonesia"},"image":{"@id":"https:\/\/www.siladen.com\/de\/#\/schema\/logo\/image\/"}}]}},"_links":{"self":[{"href":"https:\/\/www.siladen.com\/fr\/wp-json\/wp\/v2\/pages\/24504","targetHints":{"allow":["GET"]}}],"collection":[{"href":"https:\/\/www.siladen.com\/fr\/wp-json\/wp\/v2\/pages"}],"about":[{"href":"https:\/\/www.siladen.com\/fr\/wp-json\/wp\/v2\/types\/page"}],"author":[{"embeddable":true,"href":"https:\/\/www.siladen.com\/fr\/wp-json\/wp\/v2\/users\/3"}],"replies":[{"embeddable":true,"href":"https:\/\/www.siladen.com\/fr\/wp-json\/wp\/v2\/comments?post=24504"}],"version-history":[{"count":0,"href":"https:\/\/www.siladen.com\/fr\/wp-json\/wp\/v2\/pages\/24504\/revisions"}],"wp:attachment":[{"href":"https:\/\/www.siladen.com\/fr\/wp-json\/wp\/v2\/media?parent=24504"}],"curies":[{"name":"wp","href":"https:\/\/api.w.org\/{rel}","templated":true}]}}