{"id":24516,"date":"2022-07-05T10:39:58","date_gmt":"2022-07-05T10:39:58","guid":{"rendered":"https:\/\/www.siladen.com\/contactez-nous\/tour-operateurs\/"},"modified":"2024-04-16T15:31:01","modified_gmt":"2024-04-16T15:31:01","slug":"tour-operateurs","status":"publish","type":"page","link":"https:\/\/www.siladen.com\/fr\/contactez-nous\/tour-operateurs\/","title":{"rendered":"Tour-op\u00e9rateurs"},"content":{"rendered":"<h3>R\u00e9serv\u00e9 aux voyagistes<\/h3>\n<p>Si vous \u00eates un tour-op\u00e9rateur enregistr\u00e9 et que vous souhaitez faire une r\u00e9servation, veuillez <a href=\"https:\/\/v3.reservation-system.net\/BE\/TacoLogin.aspx?hotelcd=HT06003805\" target=\"_blank\" rel=\"noopener\">vous connecter ici<\/a>.<\/p>\n<p>Si vous \u00eates un tour-op\u00e9rateur int\u00e9ress\u00e9 par Siladen Resort &amp; Spa, veuillez soumettre votre demande <a href=\"http:\/\/www.reservation-system.net\/hotel\/m187\/m187-h1.asp?hotelcd=HT06003805\" target=\"_blank\" rel=\"noopener\">ici<\/a> et s\u00e9lectionner AGENTS dans le menu.<\/p>\n","protected":false},"excerpt":{"rendered":"<p>R\u00e9serv\u00e9 aux voyagistes Si vous \u00eates un tour-op\u00e9rateur enregistr\u00e9 et que vous souhaitez faire une r\u00e9servation, veuillez vous connecter ici. Si vous \u00eates un tour-op\u00e9rateur int\u00e9ress\u00e9 par Siladen Resort &amp; Spa, veuillez soumettre votre demande ici et s\u00e9lectionner AGENTS dans le menu.<\/p>\n","protected":false},"author":3,"featured_media":0,"parent":20785,"menu_order":0,"comment_status":"closed","ping_status":"closed","template":"","meta":{"footnotes":""},"class_list":["post-24516","page","type-page","status-publish","hentry","post-no-thumbnail"],"yoast_head":"<!-- This site is optimized with the Yoast SEO plugin v27.6 - https:\/\/yoast.com\/product\/yoast-seo-wordpress\/ -->\n<title>Tour-op\u00e9rateurs - Siladen Snorkeling &amp; Dive Resort Indonesia<\/title>\n<meta name=\"robots\" content=\"index, follow, max-snippet:-1, max-image-preview:large, max-video-preview:-1\" \/>\n<link rel=\"canonical\" href=\"https:\/\/www.siladen.com\/fr\/contactez-nous\/tour-operateurs\/\" \/>\n<meta property=\"og:locale\" content=\"fr_FR\" \/>\n<meta property=\"og:type\" content=\"article\" \/>\n<meta property=\"og:title\" content=\"Tour-op\u00e9rateurs - Siladen Snorkeling &amp; Dive Resort Indonesia\" \/>\n<meta property=\"og:description\" content=\"R\u00e9serv\u00e9 aux voyagistes Si vous \u00eates un tour-op\u00e9rateur enregistr\u00e9 et que vous souhaitez faire une r\u00e9servation, veuillez vous connecter ici. Si vous \u00eates un tour-op\u00e9rateur int\u00e9ress\u00e9 par Siladen Resort &amp; Spa, veuillez soumettre votre demande ici et s\u00e9lectionner AGENTS dans le menu.\" \/>\n<meta property=\"og:url\" content=\"https:\/\/www.siladen.com\/fr\/contactez-nous\/tour-operateurs\/\" \/>\n<meta property=\"og:site_name\" content=\"Siladen Snorkeling &amp; Dive Resort Indonesia\" \/>\n<meta property=\"article:modified_time\" content=\"2024-04-16T15:31:01+00:00\" \/>\n<meta name=\"twitter:card\" content=\"summary_large_image\" \/>\n<script type=\"application\/ld+json\" class=\"yoast-schema-graph\">{\"@context\":\"https:\\\/\\\/schema.org\",\"@graph\":[{\"@type\":\"WebPage\",\"@id\":\"https:\\\/\\\/www.siladen.com\\\/fr\\\/contactez-nous\\\/tour-operateurs\\\/\",\"url\":\"https:\\\/\\\/www.siladen.com\\\/fr\\\/contactez-nous\\\/tour-operateurs\\\/\",\"name\":\"Tour-op\u00e9rateurs - Siladen Snorkeling &amp; Dive Resort Indonesia\",\"isPartOf\":{\"@id\":\"https:\\\/\\\/www.siladen.com\\\/de\\\/#website\"},\"datePublished\":\"2022-07-05T10:39:58+00:00\",\"dateModified\":\"2024-04-16T15:31:01+00:00\",\"breadcrumb\":{\"@id\":\"https:\\\/\\\/www.siladen.com\\\/fr\\\/contactez-nous\\\/tour-operateurs\\\/#breadcrumb\"},\"inLanguage\":\"fr-FR\",\"potentialAction\":[{\"@type\":\"ReadAction\",\"target\":[\"https:\\\/\\\/www.siladen.com\\\/fr\\\/contactez-nous\\\/tour-operateurs\\\/\"]}]},{\"@type\":\"BreadcrumbList\",\"@id\":\"https:\\\/\\\/www.siladen.com\\\/fr\\\/contactez-nous\\\/tour-operateurs\\\/#breadcrumb\",\"itemListElement\":[{\"@type\":\"ListItem\",\"position\":1,\"name\":\"Home\",\"item\":\"https:\\\/\\\/www.siladen.com\\\/fr\\\/\"},{\"@type\":\"ListItem\",\"position\":2,\"name\":\"Contactez nous\",\"item\":\"https:\\\/\\\/www.siladen.com\\\/fr\\\/contactez-nous\\\/\"},{\"@type\":\"ListItem\",\"position\":3,\"name\":\"Tour-op\u00e9rateurs\"}]},{\"@type\":\"WebSite\",\"@id\":\"https:\\\/\\\/www.siladen.com\\\/de\\\/#website\",\"url\":\"https:\\\/\\\/www.siladen.com\\\/de\\\/\",\"name\":\"Siladen Snorkeling & Dive Resort Indonesia\",\"description\":\"Boutique Dive Resort in Siladen\",\"publisher\":{\"@id\":\"https:\\\/\\\/www.siladen.com\\\/de\\\/#organization\"},\"potentialAction\":[{\"@type\":\"SearchAction\",\"target\":{\"@type\":\"EntryPoint\",\"urlTemplate\":\"https:\\\/\\\/www.siladen.com\\\/de\\\/?s={search_term_string}\"},\"query-input\":{\"@type\":\"PropertyValueSpecification\",\"valueRequired\":true,\"valueName\":\"search_term_string\"}}],\"inLanguage\":\"fr-FR\"},{\"@type\":\"Organization\",\"@id\":\"https:\\\/\\\/www.siladen.com\\\/de\\\/#organization\",\"name\":\"Siladen Snorkeling & Dive Resort Indonesia\",\"url\":\"https:\\\/\\\/www.siladen.com\\\/de\\\/\",\"logo\":{\"@type\":\"ImageObject\",\"inLanguage\":\"fr-FR\",\"@id\":\"https:\\\/\\\/www.siladen.com\\\/de\\\/#\\\/schema\\\/logo\\\/image\\\/\",\"url\":\"https:\\\/\\\/www.siladen.com\\\/wp-content\\\/uploads\\\/2022\\\/12\\\/cropped-Schermata-2022-12-09-alle-10.02.47-e1670576611407.png\",\"contentUrl\":\"https:\\\/\\\/www.siladen.com\\\/wp-content\\\/uploads\\\/2022\\\/12\\\/cropped-Schermata-2022-12-09-alle-10.02.47-e1670576611407.png\",\"width\":512,\"height\":512,\"caption\":\"Siladen Snorkeling & Dive Resort Indonesia\"},\"image\":{\"@id\":\"https:\\\/\\\/www.siladen.com\\\/de\\\/#\\\/schema\\\/logo\\\/image\\\/\"}}]}<\/script>\n<!-- \/ Yoast SEO plugin. -->","yoast_head_json":{"title":"Tour-op\u00e9rateurs - Siladen Snorkeling &amp; Dive Resort Indonesia","robots":{"index":"index","follow":"follow","max-snippet":"max-snippet:-1","max-image-preview":"max-image-preview:large","max-video-preview":"max-video-preview:-1"},"canonical":"https:\/\/www.siladen.com\/fr\/contactez-nous\/tour-operateurs\/","og_locale":"fr_FR","og_type":"article","og_title":"Tour-op\u00e9rateurs - Siladen Snorkeling &amp; Dive Resort Indonesia","og_description":"R\u00e9serv\u00e9 aux voyagistes Si vous \u00eates un tour-op\u00e9rateur enregistr\u00e9 et que vous souhaitez faire une r\u00e9servation, veuillez vous connecter ici. Si vous \u00eates un tour-op\u00e9rateur int\u00e9ress\u00e9 par Siladen Resort &amp; Spa, veuillez soumettre votre demande ici et s\u00e9lectionner AGENTS dans le menu.","og_url":"https:\/\/www.siladen.com\/fr\/contactez-nous\/tour-operateurs\/","og_site_name":"Siladen Snorkeling &amp; Dive Resort Indonesia","article_modified_time":"2024-04-16T15:31:01+00:00","twitter_card":"summary_large_image","schema":{"@context":"https:\/\/schema.org","@graph":[{"@type":"WebPage","@id":"https:\/\/www.siladen.com\/fr\/contactez-nous\/tour-operateurs\/","url":"https:\/\/www.siladen.com\/fr\/contactez-nous\/tour-operateurs\/","name":"Tour-op\u00e9rateurs - Siladen Snorkeling &amp; Dive Resort Indonesia","isPartOf":{"@id":"https:\/\/www.siladen.com\/de\/#website"},"datePublished":"2022-07-05T10:39:58+00:00","dateModified":"2024-04-16T15:31:01+00:00","breadcrumb":{"@id":"https:\/\/www.siladen.com\/fr\/contactez-nous\/tour-operateurs\/#breadcrumb"},"inLanguage":"fr-FR","potentialAction":[{"@type":"ReadAction","target":["https:\/\/www.siladen.com\/fr\/contactez-nous\/tour-operateurs\/"]}]},{"@type":"BreadcrumbList","@id":"https:\/\/www.siladen.com\/fr\/contactez-nous\/tour-operateurs\/#breadcrumb","itemListElement":[{"@type":"ListItem","position":1,"name":"Home","item":"https:\/\/www.siladen.com\/fr\/"},{"@type":"ListItem","position":2,"name":"Contactez nous","item":"https:\/\/www.siladen.com\/fr\/contactez-nous\/"},{"@type":"ListItem","position":3,"name":"Tour-op\u00e9rateurs"}]},{"@type":"WebSite","@id":"https:\/\/www.siladen.com\/de\/#website","url":"https:\/\/www.siladen.com\/de\/","name":"Siladen Snorkeling & Dive Resort Indonesia","description":"Boutique Dive Resort in Siladen","publisher":{"@id":"https:\/\/www.siladen.com\/de\/#organization"},"potentialAction":[{"@type":"SearchAction","target":{"@type":"EntryPoint","urlTemplate":"https:\/\/www.siladen.com\/de\/?s={search_term_string}"},"query-input":{"@type":"PropertyValueSpecification","valueRequired":true,"valueName":"search_term_string"}}],"inLanguage":"fr-FR"},{"@type":"Organization","@id":"https:\/\/www.siladen.com\/de\/#organization","name":"Siladen Snorkeling & Dive Resort Indonesia","url":"https:\/\/www.siladen.com\/de\/","logo":{"@type":"ImageObject","inLanguage":"fr-FR","@id":"https:\/\/www.siladen.com\/de\/#\/schema\/logo\/image\/","url":"https:\/\/www.siladen.com\/wp-content\/uploads\/2022\/12\/cropped-Schermata-2022-12-09-alle-10.02.47-e1670576611407.png","contentUrl":"https:\/\/www.siladen.com\/wp-content\/uploads\/2022\/12\/cropped-Schermata-2022-12-09-alle-10.02.47-e1670576611407.png","width":512,"height":512,"caption":"Siladen Snorkeling & Dive Resort Indonesia"},"image":{"@id":"https:\/\/www.siladen.com\/de\/#\/schema\/logo\/image\/"}}]}},"_links":{"self":[{"href":"https:\/\/www.siladen.com\/fr\/wp-json\/wp\/v2\/pages\/24516","targetHints":{"allow":["GET"]}}],"collection":[{"href":"https:\/\/www.siladen.com\/fr\/wp-json\/wp\/v2\/pages"}],"about":[{"href":"https:\/\/www.siladen.com\/fr\/wp-json\/wp\/v2\/types\/page"}],"author":[{"embeddable":true,"href":"https:\/\/www.siladen.com\/fr\/wp-json\/wp\/v2\/users\/3"}],"replies":[{"embeddable":true,"href":"https:\/\/www.siladen.com\/fr\/wp-json\/wp\/v2\/comments?post=24516"}],"version-history":[{"count":0,"href":"https:\/\/www.siladen.com\/fr\/wp-json\/wp\/v2\/pages\/24516\/revisions"}],"up":[{"embeddable":true,"href":"https:\/\/www.siladen.com\/fr\/wp-json\/wp\/v2\/pages\/20785"}],"wp:attachment":[{"href":"https:\/\/www.siladen.com\/fr\/wp-json\/wp\/v2\/media?parent=24516"}],"curies":[{"name":"wp","href":"https:\/\/api.w.org\/{rel}","templated":true}]}}