{"id":25635,"date":"2022-07-04T15:16:38","date_gmt":"2022-07-04T15:16:38","guid":{"rendered":"https:\/\/www.siladen.com\/services\/speciales\/"},"modified":"2025-05-05T13:54:36","modified_gmt":"2025-05-05T13:54:36","slug":"speciales","status":"publish","type":"page","link":"https:\/\/www.siladen.com\/fr\/services\/speciales\/","title":{"rendered":"Sp\u00e9ciales"},"content":{"rendered":"\t\t<div data-elementor-type=\"wp-page\" data-elementor-id=\"25635\" class=\"elementor elementor-25635 elementor-7328\" data-elementor-post-type=\"page\">\n\t\t\t\t\t\t<section class=\"elementor-section elementor-top-section elementor-element elementor-element-8e12ad6 elementor-section-boxed elementor-section-gap-beside-yes elementor-section-height-default elementor-section-height-default elementor-section-column-vertical-align-stretch\" data-id=\"8e12ad6\" data-element_type=\"section\">\n\t\t\t\t\t\t<div class=\"elementor-container elementor-column-gap-extended\">\n\t\t\t\t\t<div class=\"elementor-column elementor-col-50 elementor-top-column elementor-element elementor-element-85122f5\" data-id=\"85122f5\" data-element_type=\"column\">\n\t\t\t<div class=\"elementor-widget-wrap elementor-element-populated\">\n\t\t\t\t\t\t<div class=\"elementor-element elementor-element-10659f9 elementor-invisible elementor-widget elementor-widget-heading\" data-id=\"10659f9\" data-element_type=\"widget\" data-settings=\"{&quot;_animation&quot;:&quot;nussFadeInUp&quot;}\" data-widget_type=\"heading.default\">\n\t\t\t\t<div class=\"elementor-widget-container\">\n\t\t\t<h3 class=\"elementor-heading-title elementor-size-default\">Vous r\u00eavez du paradis ?<\/h3>\t\t<\/div>\n\t\t\t\t<\/div>\n\t\t\t\t<div class=\"elementor-element elementor-element-8604206 elementor-widget elementor-widget-text-editor\" data-id=\"8604206\" data-element_type=\"widget\" data-widget_type=\"text-editor.default\">\n\t\t\t\t<div class=\"elementor-widget-container\">\n\t\t\t\t\t\t\t<p>Planifiez d\u00e8s maintenant vos vacances sur l&rsquo;\u00eele paradisiaque !<\/p>\n<p>\u00c9vitez les foules et profitez d&rsquo;une plong\u00e9e et d&rsquo;un snorkeling magnifiques dans le parc national de Bunaken !<\/p>\n<p>Visitez-nous entre le 5 mai et le 7 juillet 2023 et obtenez 5 % de r\u00e9duction sur l&rsquo;h\u00e9bergement si vous restez 5 nuits ou plus, ou 10 % si vous restez 7 nuits ou plus*.<\/p>\n<p>Contactez reservations@siladen.com pour r\u00e9server votre villa \u00e0 Siladen Resort &amp; Spa.<\/p>\n<p>* Veuillez noter que ces offres sp\u00e9ciales ne s&rsquo;appliquent qu&rsquo;aux nouvelles r\u00e9servations et ne peuvent pas \u00eatre utilis\u00e9es en conjonction avec d&rsquo;autres r\u00e9ductions, programmes promotionnels ou bons d&rsquo;achat suppl\u00e9mentaires.<\/p>\n\t\t\t\t\t\t<\/div>\n\t\t\t\t<\/div>\n\t\t\t\t\t<\/div>\n\t\t<\/div>\n\t\t\t\t<div class=\"elementor-column elementor-col-50 elementor-top-column elementor-element elementor-element-e4469fd\" data-id=\"e4469fd\" data-element_type=\"column\">\n\t\t\t<div class=\"elementor-widget-wrap elementor-element-populated\">\n\t\t\t\t\t\t<div class=\"elementor-element elementor-element-b3b8f1a elementor-widget elementor-widget-image\" data-id=\"b3b8f1a\" data-element_type=\"widget\" data-widget_type=\"image.default\">\n\t\t\t\t<div class=\"elementor-widget-container\">\n\t\t\t\t\t\t\t\t\t\t\t\t\t<img fetchpriority=\"high\" decoding=\"async\" width=\"1024\" height=\"1001\" src=\"https:\/\/www.siladen.com\/wp-content\/uploads\/2022\/07\/siladen_spiaggia_019_sito-e1656950627345-1024x1001.jpg\" class=\"attachment-large size-large wp-image-16772\" alt=\"\" srcset=\"https:\/\/www.siladen.com\/wp-content\/uploads\/2022\/07\/siladen_spiaggia_019_sito-e1656950627345-1024x1001.jpg 1024w, https:\/\/www.siladen.com\/wp-content\/uploads\/2022\/07\/siladen_spiaggia_019_sito-e1656950627345-300x293.jpg 300w, https:\/\/www.siladen.com\/wp-content\/uploads\/2022\/07\/siladen_spiaggia_019_sito-e1656950627345-768x751.jpg 768w, https:\/\/www.siladen.com\/wp-content\/uploads\/2022\/07\/siladen_spiaggia_019_sito-e1656950627345-600x587.jpg 600w, https:\/\/www.siladen.com\/wp-content\/uploads\/2022\/07\/siladen_spiaggia_019_sito-e1656950627345.jpg 1305w\" sizes=\"(max-width: 1024px) 100vw, 1024px\" \/>\t\t\t\t\t\t\t\t\t\t\t\t\t<\/div>\n\t\t\t\t<\/div>\n\t\t\t\t\t<\/div>\n\t\t<\/div>\n\t\t\t\t\t<\/div>\n\t\t<\/section>\n\t\t\t\t<\/div>\n\t\t","protected":false},"excerpt":{"rendered":"<p>Vous r\u00eavez du paradis ? Planifiez d\u00e8s maintenant vos vacances sur l&rsquo;\u00eele paradisiaque ! \u00c9vitez les foules et profitez d&rsquo;une plong\u00e9e et d&rsquo;un snorkeling magnifiques dans le parc national de Bunaken ! Visitez-nous entre le 5 mai et le 7 juillet 2023 et obtenez 5 % de r\u00e9duction sur l&rsquo;h\u00e9bergement si vous restez 5 nuits [&hellip;]<\/p>\n","protected":false},"author":3,"featured_media":0,"parent":20465,"menu_order":0,"comment_status":"closed","ping_status":"closed","template":"elementor_header_footer","meta":{"footnotes":""},"class_list":["post-25635","page","type-page","status-publish","hentry","post-no-thumbnail"],"yoast_head":"<!-- This site is optimized with the Yoast SEO plugin v27.2 - https:\/\/yoast.com\/product\/yoast-seo-wordpress\/ -->\n<title>Resort Sp\u00e9ciales Indon\u00e9sie - Siladen Snorkeling &amp; Dive Resort Indonesia<\/title>\n<meta name=\"description\" content=\"Vous r\u00eavez du paradis ? Planifiez vos vacances sur l&#039;\u00eele du paradis d\u00e8s maintenant ! \u00c9vitez les foules et profitez de la plong\u00e9e et du snorkeling dans le parc national de Bunaken !\" \/>\n<meta name=\"robots\" content=\"index, follow, max-snippet:-1, max-image-preview:large, max-video-preview:-1\" \/>\n<link rel=\"canonical\" href=\"https:\/\/www.siladen.com\/fr\/services\/speciales\/\" \/>\n<meta property=\"og:locale\" content=\"fr_FR\" \/>\n<meta property=\"og:type\" content=\"article\" \/>\n<meta property=\"og:title\" content=\"Resort Sp\u00e9ciales Indon\u00e9sie - Siladen Snorkeling &amp; Dive Resort Indonesia\" \/>\n<meta property=\"og:description\" content=\"Vous r\u00eavez du paradis ? Planifiez vos vacances sur l&#039;\u00eele du paradis d\u00e8s maintenant ! \u00c9vitez les foules et profitez de la plong\u00e9e et du snorkeling dans le parc national de Bunaken !\" \/>\n<meta property=\"og:url\" content=\"https:\/\/www.siladen.com\/fr\/services\/speciales\/\" \/>\n<meta property=\"og:site_name\" content=\"Siladen Snorkeling &amp; Dive Resort Indonesia\" \/>\n<meta property=\"article:modified_time\" content=\"2025-05-05T13:54:36+00:00\" \/>\n<meta property=\"og:image\" content=\"https:\/\/www.siladen.com\/wp-content\/uploads\/2022\/07\/siladen_spiaggia_019_sito-e1656950627345.jpg\" \/>\n\t<meta property=\"og:image:width\" content=\"1305\" \/>\n\t<meta property=\"og:image:height\" content=\"1276\" \/>\n\t<meta property=\"og:image:type\" content=\"image\/jpeg\" \/>\n<meta name=\"twitter:card\" content=\"summary_large_image\" \/>\n<meta name=\"twitter:label1\" content=\"Dur\u00e9e de lecture estim\u00e9e\" \/>\n\t<meta name=\"twitter:data1\" content=\"1 minute\" \/>\n<script type=\"application\/ld+json\" class=\"yoast-schema-graph\">{\"@context\":\"https:\/\/schema.org\",\"@graph\":[{\"@type\":\"WebPage\",\"@id\":\"https:\/\/www.siladen.com\/fr\/services\/speciales\/\",\"url\":\"https:\/\/www.siladen.com\/fr\/services\/speciales\/\",\"name\":\"Resort Sp\u00e9ciales Indon\u00e9sie - Siladen Snorkeling &amp; Dive Resort Indonesia\",\"isPartOf\":{\"@id\":\"https:\/\/www.siladen.com\/de\/#website\"},\"primaryImageOfPage\":{\"@id\":\"https:\/\/www.siladen.com\/fr\/services\/speciales\/#primaryimage\"},\"image\":{\"@id\":\"https:\/\/www.siladen.com\/fr\/services\/speciales\/#primaryimage\"},\"thumbnailUrl\":\"https:\/\/www.siladen.com\/wp-content\/uploads\/2022\/07\/siladen_spiaggia_019_sito-e1656950627345-1024x1001.jpg\",\"datePublished\":\"2022-07-04T15:16:38+00:00\",\"dateModified\":\"2025-05-05T13:54:36+00:00\",\"description\":\"Vous r\u00eavez du paradis ? Planifiez vos vacances sur l'\u00eele du paradis d\u00e8s maintenant ! \u00c9vitez les foules et profitez de la plong\u00e9e et du snorkeling dans le parc national de Bunaken !\",\"breadcrumb\":{\"@id\":\"https:\/\/www.siladen.com\/fr\/services\/speciales\/#breadcrumb\"},\"inLanguage\":\"fr-FR\",\"potentialAction\":[{\"@type\":\"ReadAction\",\"target\":[\"https:\/\/www.siladen.com\/fr\/services\/speciales\/\"]}]},{\"@type\":\"ImageObject\",\"inLanguage\":\"fr-FR\",\"@id\":\"https:\/\/www.siladen.com\/fr\/services\/speciales\/#primaryimage\",\"url\":\"https:\/\/www.siladen.com\/wp-content\/uploads\/2022\/07\/siladen_spiaggia_019_sito-e1656950627345-1024x1001.jpg\",\"contentUrl\":\"https:\/\/www.siladen.com\/wp-content\/uploads\/2022\/07\/siladen_spiaggia_019_sito-e1656950627345-1024x1001.jpg\"},{\"@type\":\"BreadcrumbList\",\"@id\":\"https:\/\/www.siladen.com\/fr\/services\/speciales\/#breadcrumb\",\"itemListElement\":[{\"@type\":\"ListItem\",\"position\":1,\"name\":\"Home\",\"item\":\"https:\/\/www.siladen.com\/fr\/\"},{\"@type\":\"ListItem\",\"position\":2,\"name\":\"Services\",\"item\":\"https:\/\/www.siladen.com\/fr\/services\/\"},{\"@type\":\"ListItem\",\"position\":3,\"name\":\"Sp\u00e9ciales\"}]},{\"@type\":\"WebSite\",\"@id\":\"https:\/\/www.siladen.com\/de\/#website\",\"url\":\"https:\/\/www.siladen.com\/de\/\",\"name\":\"Siladen Snorkeling & Dive Resort Indonesia\",\"description\":\"Boutique Dive Resort in Siladen\",\"publisher\":{\"@id\":\"https:\/\/www.siladen.com\/de\/#organization\"},\"potentialAction\":[{\"@type\":\"SearchAction\",\"target\":{\"@type\":\"EntryPoint\",\"urlTemplate\":\"https:\/\/www.siladen.com\/de\/?s={search_term_string}\"},\"query-input\":{\"@type\":\"PropertyValueSpecification\",\"valueRequired\":true,\"valueName\":\"search_term_string\"}}],\"inLanguage\":\"fr-FR\"},{\"@type\":\"Organization\",\"@id\":\"https:\/\/www.siladen.com\/de\/#organization\",\"name\":\"Siladen Snorkeling & Dive Resort Indonesia\",\"url\":\"https:\/\/www.siladen.com\/de\/\",\"logo\":{\"@type\":\"ImageObject\",\"inLanguage\":\"fr-FR\",\"@id\":\"https:\/\/www.siladen.com\/de\/#\/schema\/logo\/image\/\",\"url\":\"https:\/\/www.siladen.com\/wp-content\/uploads\/2022\/12\/cropped-Schermata-2022-12-09-alle-10.02.47-e1670576611407.png\",\"contentUrl\":\"https:\/\/www.siladen.com\/wp-content\/uploads\/2022\/12\/cropped-Schermata-2022-12-09-alle-10.02.47-e1670576611407.png\",\"width\":512,\"height\":512,\"caption\":\"Siladen Snorkeling & Dive Resort Indonesia\"},\"image\":{\"@id\":\"https:\/\/www.siladen.com\/de\/#\/schema\/logo\/image\/\"}}]}<\/script>\n<!-- \/ Yoast SEO plugin. -->","yoast_head_json":{"title":"Resort Sp\u00e9ciales Indon\u00e9sie - Siladen Snorkeling &amp; Dive Resort Indonesia","description":"Vous r\u00eavez du paradis ? Planifiez vos vacances sur l'\u00eele du paradis d\u00e8s maintenant ! \u00c9vitez les foules et profitez de la plong\u00e9e et du snorkeling dans le parc national de Bunaken !","robots":{"index":"index","follow":"follow","max-snippet":"max-snippet:-1","max-image-preview":"max-image-preview:large","max-video-preview":"max-video-preview:-1"},"canonical":"https:\/\/www.siladen.com\/fr\/services\/speciales\/","og_locale":"fr_FR","og_type":"article","og_title":"Resort Sp\u00e9ciales Indon\u00e9sie - Siladen Snorkeling &amp; Dive Resort Indonesia","og_description":"Vous r\u00eavez du paradis ? Planifiez vos vacances sur l'\u00eele du paradis d\u00e8s maintenant ! \u00c9vitez les foules et profitez de la plong\u00e9e et du snorkeling dans le parc national de Bunaken !","og_url":"https:\/\/www.siladen.com\/fr\/services\/speciales\/","og_site_name":"Siladen Snorkeling &amp; Dive Resort Indonesia","article_modified_time":"2025-05-05T13:54:36+00:00","og_image":[{"width":1305,"height":1276,"url":"https:\/\/www.siladen.com\/wp-content\/uploads\/2022\/07\/siladen_spiaggia_019_sito-e1656950627345.jpg","type":"image\/jpeg"}],"twitter_card":"summary_large_image","twitter_misc":{"Dur\u00e9e de lecture estim\u00e9e":"1 minute"},"schema":{"@context":"https:\/\/schema.org","@graph":[{"@type":"WebPage","@id":"https:\/\/www.siladen.com\/fr\/services\/speciales\/","url":"https:\/\/www.siladen.com\/fr\/services\/speciales\/","name":"Resort Sp\u00e9ciales Indon\u00e9sie - Siladen Snorkeling &amp; Dive Resort Indonesia","isPartOf":{"@id":"https:\/\/www.siladen.com\/de\/#website"},"primaryImageOfPage":{"@id":"https:\/\/www.siladen.com\/fr\/services\/speciales\/#primaryimage"},"image":{"@id":"https:\/\/www.siladen.com\/fr\/services\/speciales\/#primaryimage"},"thumbnailUrl":"https:\/\/www.siladen.com\/wp-content\/uploads\/2022\/07\/siladen_spiaggia_019_sito-e1656950627345-1024x1001.jpg","datePublished":"2022-07-04T15:16:38+00:00","dateModified":"2025-05-05T13:54:36+00:00","description":"Vous r\u00eavez du paradis ? Planifiez vos vacances sur l'\u00eele du paradis d\u00e8s maintenant ! \u00c9vitez les foules et profitez de la plong\u00e9e et du snorkeling dans le parc national de Bunaken !","breadcrumb":{"@id":"https:\/\/www.siladen.com\/fr\/services\/speciales\/#breadcrumb"},"inLanguage":"fr-FR","potentialAction":[{"@type":"ReadAction","target":["https:\/\/www.siladen.com\/fr\/services\/speciales\/"]}]},{"@type":"ImageObject","inLanguage":"fr-FR","@id":"https:\/\/www.siladen.com\/fr\/services\/speciales\/#primaryimage","url":"https:\/\/www.siladen.com\/wp-content\/uploads\/2022\/07\/siladen_spiaggia_019_sito-e1656950627345-1024x1001.jpg","contentUrl":"https:\/\/www.siladen.com\/wp-content\/uploads\/2022\/07\/siladen_spiaggia_019_sito-e1656950627345-1024x1001.jpg"},{"@type":"BreadcrumbList","@id":"https:\/\/www.siladen.com\/fr\/services\/speciales\/#breadcrumb","itemListElement":[{"@type":"ListItem","position":1,"name":"Home","item":"https:\/\/www.siladen.com\/fr\/"},{"@type":"ListItem","position":2,"name":"Services","item":"https:\/\/www.siladen.com\/fr\/services\/"},{"@type":"ListItem","position":3,"name":"Sp\u00e9ciales"}]},{"@type":"WebSite","@id":"https:\/\/www.siladen.com\/de\/#website","url":"https:\/\/www.siladen.com\/de\/","name":"Siladen Snorkeling & Dive Resort Indonesia","description":"Boutique Dive Resort in Siladen","publisher":{"@id":"https:\/\/www.siladen.com\/de\/#organization"},"potentialAction":[{"@type":"SearchAction","target":{"@type":"EntryPoint","urlTemplate":"https:\/\/www.siladen.com\/de\/?s={search_term_string}"},"query-input":{"@type":"PropertyValueSpecification","valueRequired":true,"valueName":"search_term_string"}}],"inLanguage":"fr-FR"},{"@type":"Organization","@id":"https:\/\/www.siladen.com\/de\/#organization","name":"Siladen Snorkeling & Dive Resort Indonesia","url":"https:\/\/www.siladen.com\/de\/","logo":{"@type":"ImageObject","inLanguage":"fr-FR","@id":"https:\/\/www.siladen.com\/de\/#\/schema\/logo\/image\/","url":"https:\/\/www.siladen.com\/wp-content\/uploads\/2022\/12\/cropped-Schermata-2022-12-09-alle-10.02.47-e1670576611407.png","contentUrl":"https:\/\/www.siladen.com\/wp-content\/uploads\/2022\/12\/cropped-Schermata-2022-12-09-alle-10.02.47-e1670576611407.png","width":512,"height":512,"caption":"Siladen Snorkeling & Dive Resort Indonesia"},"image":{"@id":"https:\/\/www.siladen.com\/de\/#\/schema\/logo\/image\/"}}]}},"_links":{"self":[{"href":"https:\/\/www.siladen.com\/fr\/wp-json\/wp\/v2\/pages\/25635","targetHints":{"allow":["GET"]}}],"collection":[{"href":"https:\/\/www.siladen.com\/fr\/wp-json\/wp\/v2\/pages"}],"about":[{"href":"https:\/\/www.siladen.com\/fr\/wp-json\/wp\/v2\/types\/page"}],"author":[{"embeddable":true,"href":"https:\/\/www.siladen.com\/fr\/wp-json\/wp\/v2\/users\/3"}],"replies":[{"embeddable":true,"href":"https:\/\/www.siladen.com\/fr\/wp-json\/wp\/v2\/comments?post=25635"}],"version-history":[{"count":0,"href":"https:\/\/www.siladen.com\/fr\/wp-json\/wp\/v2\/pages\/25635\/revisions"}],"up":[{"embeddable":true,"href":"https:\/\/www.siladen.com\/fr\/wp-json\/wp\/v2\/pages\/20465"}],"wp:attachment":[{"href":"https:\/\/www.siladen.com\/fr\/wp-json\/wp\/v2\/media?parent=25635"}],"curies":[{"name":"wp","href":"https:\/\/api.w.org\/{rel}","templated":true}]}}